{"id":149,"date":"2024-03-02T21:05:53","date_gmt":"2024-03-02T20:05:53","guid":{"rendered":"https:\/\/sauvegarde-chateau-castelnaudelevis.fr\/?page_id=149"},"modified":"2026-03-11T09:27:29","modified_gmt":"2026-03-11T08:27:29","slug":"journees-de-nettoyage","status":"publish","type":"page","link":"https:\/\/sauvegarde-chateau-castelnaudelevis.fr\/index.php\/journees-de-nettoyage\/","title":{"rendered":"Journ\u00e9e de Nettoyage"},"content":{"rendered":"\n<h2 class=\"wp-block-heading\"><strong>Samedi 13 Juin 2026<\/strong><\/h2>\n\n\n\n<p><strong>&gt;Rendez-vous d\u00e8s 8h30 sur le parking du ch\u00e2teau<\/strong><\/p>\n\n\n\n<p>Tous les ans l&rsquo;Association de Sauvegarde du Ch\u00e2teau fait appel \u00e0 toutes les bonnes volont\u00e9s afin de r\u00e9aliser l&rsquo;entretien complet du site du ch\u00e2teau, depuis les coteaux jusqu&rsquo;en haut de la tour de guet. Cette journ\u00e9es ouverte \u00e0 toutes les bonnes volont\u00e9s est une occasion conviviale de participer en \u00e9quipe \u00e0 l&rsquo;entretien du site et lui faire peau neuve pour la saison !<\/p>\n\n\n\n<p>Rejoignez-nous \u00e9quip\u00e9s de vos outils manuels ou thermiques ( r\u00e2teaux, balais, d\u00e9brousailleuses &#8230;.), pensez \u00e9galement \u00e0 vos \u00e9quipements de protection (gants, lunettes de protection, casques anti-bruit, masques antipoussi\u00e8re &#8230;.), l&rsquo;Association de Sauvegarde du Ch\u00e2teau s&rsquo;occupe du reste.<\/p>\n\n\n\n<p>L&rsquo;Association fournit : <\/p>\n\n\n\n<ul class=\"wp-block-list\">\n<li>le petit d\u00e9jeuner \u00e0 toutes les bonnes volont\u00e9s venues apporter leur aide <\/li>\n\n\n\n<li> le repas de midi (sur inscription pr\u00e9alable au 06.12.49.96.90)<\/li>\n\n\n\n<li>le carburant pour les machines thermiques<\/li>\n\n\n\n<li>les sacs de collecte<\/li>\n\n\n\n<li>&#8230;<\/li>\n<\/ul>\n\n\n\n<p>Et bien \u00e9videmment la bonne humeur !<\/p>\n\n\n\n<figure class=\"wp-block-image aligncenter size-large is-resized\"><img loading=\"lazy\" decoding=\"async\" width=\"1024\" height=\"745\" src=\"https:\/\/sauvegarde-chateau-castelnaudelevis.fr\/wp-content\/uploads\/2024\/03\/Grandes-manoeuvres-au-chateau-1024x745.jpg\" alt=\"\" class=\"wp-image-306\" style=\"width:752px;height:auto\" srcset=\"https:\/\/sauvegarde-chateau-castelnaudelevis.fr\/wp-content\/uploads\/2024\/03\/Grandes-manoeuvres-au-chateau-1024x745.jpg 1024w, https:\/\/sauvegarde-chateau-castelnaudelevis.fr\/wp-content\/uploads\/2024\/03\/Grandes-manoeuvres-au-chateau-300x218.jpg 300w, https:\/\/sauvegarde-chateau-castelnaudelevis.fr\/wp-content\/uploads\/2024\/03\/Grandes-manoeuvres-au-chateau-768x559.jpg 768w, https:\/\/sauvegarde-chateau-castelnaudelevis.fr\/wp-content\/uploads\/2024\/03\/Grandes-manoeuvres-au-chateau-1536x1118.jpg 1536w, https:\/\/sauvegarde-chateau-castelnaudelevis.fr\/wp-content\/uploads\/2024\/03\/Grandes-manoeuvres-au-chateau.jpg 2000w\" sizes=\"auto, (max-width: 1024px) 100vw, 1024px\" \/><\/figure>\n","protected":false},"excerpt":{"rendered":"<p>Samedi 13 Juin 2026 &gt;Rendez-vous d\u00e8s 8h30 sur le parking du ch\u00e2teau Tous les ans l&rsquo;Association de Sauvegarde du Ch\u00e2teau fait appel \u00e0 toutes les bonnes volont\u00e9s afin de r\u00e9aliser l&rsquo;entretien complet du site du ch\u00e2teau, depuis les coteaux jusqu&rsquo;en haut de la tour de guet. Cette journ\u00e9es ouverte \u00e0 toutes les bonnes volont\u00e9s est [&hellip;]<\/p>\n","protected":false},"author":1,"featured_media":0,"parent":0,"menu_order":0,"comment_status":"closed","ping_status":"closed","template":"","meta":{"footnotes":""},"class_list":["post-149","page","type-page","status-publish","hentry"],"_links":{"self":[{"href":"https:\/\/sauvegarde-chateau-castelnaudelevis.fr\/index.php\/wp-json\/wp\/v2\/pages\/149","targetHints":{"allow":["GET"]}}],"collection":[{"href":"https:\/\/sauvegarde-chateau-castelnaudelevis.fr\/index.php\/wp-json\/wp\/v2\/pages"}],"about":[{"href":"https:\/\/sauvegarde-chateau-castelnaudelevis.fr\/index.php\/wp-json\/wp\/v2\/types\/page"}],"author":[{"embeddable":true,"href":"https:\/\/sauvegarde-chateau-castelnaudelevis.fr\/index.php\/wp-json\/wp\/v2\/users\/1"}],"replies":[{"embeddable":true,"href":"https:\/\/sauvegarde-chateau-castelnaudelevis.fr\/index.php\/wp-json\/wp\/v2\/comments?post=149"}],"version-history":[{"count":11,"href":"https:\/\/sauvegarde-chateau-castelnaudelevis.fr\/index.php\/wp-json\/wp\/v2\/pages\/149\/revisions"}],"predecessor-version":[{"id":928,"href":"https:\/\/sauvegarde-chateau-castelnaudelevis.fr\/index.php\/wp-json\/wp\/v2\/pages\/149\/revisions\/928"}],"wp:attachment":[{"href":"https:\/\/sauvegarde-chateau-castelnaudelevis.fr\/index.php\/wp-json\/wp\/v2\/media?parent=149"}],"curies":[{"name":"wp","href":"https:\/\/api.w.org\/{rel}","templated":true}]}}