{"id":156,"date":"2024-03-02T21:24:29","date_gmt":"2024-03-02T20:24:29","guid":{"rendered":"https:\/\/sauvegarde-chateau-castelnaudelevis.fr\/?page_id=156"},"modified":"2025-03-16T10:52:28","modified_gmt":"2025-03-16T09:52:28","slug":"lassociation2","status":"publish","type":"page","link":"https:\/\/sauvegarde-chateau-castelnaudelevis.fr\/index.php\/lassociation2\/","title":{"rendered":"L&rsquo;Association"},"content":{"rendered":"\n<p>L&rsquo;association de Sauvegarde du Ch\u00e2teau est \u00e0 ce jour compos\u00e9e d&rsquo;une centaine de membres dont une vingtaine de b\u00e9n\u00e9voles actifs pr\u00e9sents pour certains depuis sa cr\u00e9ation en 1992 !<\/p>\n\n\n\n<p>&nbsp;Passionn\u00e9s et conscients de notre chance&nbsp;inestimable de vivre au pied d&rsquo;un \u00e9difice dont l&rsquo;histoire a commenc\u00e9 \u00e0 s&rsquo;\u00e9crire au 13 -\u00e8me si\u00e8cle, nous avons \u00e0 c\u0153ur de la partager avec vous et de vous pr\u00e9senter le d\u00e9tail des actions mises en \u0153uvre pour sa sauvegarde et sa notori\u00e9t\u00e9.<\/p>\n\n\n\n<p class=\"has-primary-color has-text-color has-link-color wp-elements-5ade0f3628b2927a109ef199102cd958\">En <strong>1991<\/strong>, la commune de Castelnau-de-L\u00e9vis fait l&rsquo;acquisition du  ch\u00e2teau du XIII\u00e8me si\u00e8cle  qui menace ruine, et dont l\u2019\u00e9tat avanc\u00e9 de d\u00e9gradation pr\u00e9sente un grave danger pour les visiteurs.<\/p>\n\n\n\n<p class=\"has-primary-color has-text-color has-link-color wp-elements-ddf341b1bd39fa060f31d5f906b6ff70\">L\u2019<strong>Association de&nbsp;<em>Sauvegarde du Ch\u00e2teau<\/em> (ASC)<\/strong>&nbsp;est alors imm\u00e9diatement cr\u00e9\u00e9e pour s\u00e9curiser le site et, autant que faire se peut,&nbsp;&nbsp;pour pr\u00e9server l\u2019\u00e9difice des outrages du temps sous la tutelle de l\u2019architecte des b\u00e2timents de France, le ch\u00e2teau est class\u00e9 au titre des monuments historiques par arr\u00eat\u00e9 du 22 novembre 1909. <\/p>\n\n\n\n<p class=\"has-primary-color has-text-color has-link-color wp-elements-b0c34d3e2a9d9e46a7cd1617602962ff\">Yvette Dard\u00e9 est la pr\u00e9sidente fondatrice de l&rsquo;association et le restera jusqu\u2019en 2002. Jacqueline Perreau lui succ\u00e8de jusqu\u2019en 2010, puis Fran\u00e7oise Proust jusqu&rsquo;en d\u00e9cembre 2023, elle c\u00e8de sa place \u00e0 Marion Borthelle  pr\u00e9sidente actuelle.<\/p>\n\n\n\n<p class=\"has-primary-color has-text-color has-link-color wp-elements-92a293839a44b7af3a8206ea033a9512\">Depuis sa cr\u00e9ation, l\u2019association a \u0153uvr\u00e9 sans rel\u00e2che, par de nombreuses actions et animations, \u00e0 la notori\u00e9t\u00e9, la r\u00e9habilitation et l\u2019entretien du monument.&nbsp; &nbsp;<\/p>\n\n\n\n<p class=\"has-primary-color has-text-color has-link-color wp-elements-55df3ae2adc5eeb12b64c6b6a4006e3d\">Pendant de nombreuses ann\u00e9es la municipalit\u00e9 de Castelnau-de-L\u00e9vis a accueilli une quinzaine de jeunes \u00e9tudiants des Chantiers Concordia, lesquels, encadr\u00e9s par les b\u00e9n\u00e9voles de l\u2019 Association de Sauvegarde du Ch\u00e2teau, ont contribu\u00e9 \u00e0 la r\u00e9habilitation du patrimoine de la commune.&nbsp;<\/p>\n\n\n\n<p class=\"has-primary-color has-text-color has-link-color wp-elements-46fb609b2d5299f8245f3b5b9a9e6e33\">Pour ces ressortissants d&rsquo;une soixantaine de pays, cela a \u00e9t\u00e9 l&rsquo;occasion de d\u00e9couvrir des horizons, des cultures diff\u00e9rents et de perfectionner leur apprentissage des langues \u00e9trang\u00e8res tout en apportant leur aide \u00e0 la r\u00e9alisation des projets des communes d&rsquo;accueil.<\/p>\n\n\n\n<p class=\"has-primary-color has-text-color has-link-color wp-elements-a471193ca0a3a1a7214c23bc7ccbc197\">A Castelnau, concr\u00e8tement, les \u00e9quipes<strong>&nbsp;<em>Concordia<\/em><\/strong><em>&nbsp;<\/em>qui se sont succ\u00e9d\u00e9es ont particip\u00e9 \u00e0&nbsp;la r\u00e9habilitation d&rsquo;un pigeonnier, \u00e0 l&#8217;embellissement du ch\u00e2teau par la remise en \u00e9tat d&rsquo;une porte de la demeure seigneuriale,&nbsp;au d\u00e9blaiement des caves,&nbsp;au renforcement des soubassements de la grosse tour orientale, \u00e0 la r\u00e9novation de murs et de fen\u00eatres, et autres travaux d&rsquo;entretien et de sauvegarde du site.<\/p>\n\n\n\n<p class=\"has-primary-color has-text-color has-link-color wp-elements-b7e9640fee89629bce9220b44ef08163\">Ces \u00e9changes extr\u00eamement enrichissants culturellement \u00e9taient tr\u00e8s attendus par la&nbsp;population du village.&nbsp;&nbsp;<\/p>\n\n\n\n<p class=\"has-primary-color has-text-color has-link-color wp-elements-24b9701e0a89699e0d3a82092dcba1ee\">Durant les deux ou trois semaines que duraient ces chantiers, les habitants apportaient un soutien logistique au confort de leurs h\u00f4tes : contribution&nbsp;aux repas, organisation d\u2019animations et accompagnement dans&nbsp;&nbsp;des sorties de nature \u00e0 leur faire d\u00e9couvrir le patrimoine et les coutumes locaux.<\/p>\n\n\n\n<p class=\"has-primary-color has-text-color has-link-color wp-elements-5aabf3c6ecee384b83931e1b1b3db440\">&nbsp;Les chantiers Concordia ont pris fin \u00e0 l&rsquo;\u00e9t\u00e9 2013.<\/p>\n\n\n\n<p class=\"has-primary-color has-text-color has-link-color wp-elements-b41544c6f5b4ea30bfc38a552ac15c99\"> L&rsquo;Association de Sauvegarde du Ch\u00e2teau a par la suite continu\u00e9 \u00e0 \u0153uvrer \u00e0 la mise en s\u00e9curit\u00e9 du site en obturant les meurtri\u00e8res de la tour et en rehaussant la balustrade \u00e0 son sommet. Mais pour des raisons \u00e9videntes de s\u00e9curit\u00e9, la tour a \u00e9t\u00e9 ferm\u00e9e par arr\u00eat\u00e9 municipal en 2009. <\/p>\n\n\n\n<p class=\"has-primary-color has-text-color has-link-color wp-elements-cb3be9b31b7f19c444591c4179159f39\">Le site reste accessible librement aux visiteurs qui peuvent parcourir l&rsquo;esplanade du ch\u00e2teau, visiter la salle d&rsquo;armes et la tour orientale tout en profitant du panorama sur la vall\u00e9e du Tarn depuis la <strong>table d&rsquo;orientation<\/strong>. Celle-ci a \u00e9t\u00e9 r\u00e9alis\u00e9e par l&rsquo;association et permet de situer les points culminants alentours et m\u00eame la cha\u00eene des Pyr\u00e9n\u00e9es par temps clair ! <\/p>\n\n\n\n<p class=\"has-primary-color has-text-color has-link-color wp-elements-9339222a6f7dcd296c5294fbd7846acc\">La tour  est exceptionnellement accessible aux visiteurs une fois par an lors du 3\u00e8me week-end de septembre \u00e0 l&rsquo;occasion des <strong>Journ\u00e9es du Patrimoine<\/strong>.<\/p>\n\n\n\n<h1 class=\"wp-block-heading has-text-align-left\">LE BUREAU<\/h1>\n\n\n\n<div class=\"wp-block-media-text has-media-on-the-right is-stacked-on-mobile\" style=\"grid-template-columns:auto 43%\"><div class=\"wp-block-media-text__content\">\n<p>Pr\u00e9sidente honoraire, membre fondateur Yvette DARDE (Pr\u00e9sidente de l\u2019association de 1991 \u00e0 2002)<\/p>\n\n\n\n<p><strong>Pr\u00e9sidente&nbsp;&nbsp;&nbsp;&nbsp;<\/strong><strong>&nbsp; &nbsp; &nbsp; &nbsp; &nbsp;&nbsp;Marion BORTHELLE&nbsp;&nbsp;<\/strong><\/p>\n\n\n\n<p><strong>Vice Pr\u00e9sident&nbsp;&nbsp;&nbsp;&nbsp;&nbsp;&nbsp;&nbsp;&nbsp;Pierre PUGINIER<\/strong><\/p>\n\n\n\n<p><strong>Tr\u00e9sorier&nbsp; &nbsp; &nbsp; &nbsp; &nbsp; &nbsp; &nbsp; &nbsp;&nbsp;<strong>Ren\u00e9 MARTY<\/strong><\/strong><\/p>\n\n\n\n<p><strong>Secr\u00e9taire<\/strong>               <strong>Nicole LUCAS<\/strong><\/p>\n\n\n\n<p><\/p>\n<\/div><figure class=\"wp-block-media-text__media\"><img loading=\"lazy\" decoding=\"async\" width=\"885\" height=\"500\" src=\"https:\/\/sauvegarde-chateau-castelnaudelevis.fr\/wp-content\/uploads\/2025\/01\/Bureau-2025.jpg\" alt=\"\" class=\"wp-image-649 size-full\" srcset=\"https:\/\/sauvegarde-chateau-castelnaudelevis.fr\/wp-content\/uploads\/2025\/01\/Bureau-2025.jpg 885w, https:\/\/sauvegarde-chateau-castelnaudelevis.fr\/wp-content\/uploads\/2025\/01\/Bureau-2025-300x169.jpg 300w, https:\/\/sauvegarde-chateau-castelnaudelevis.fr\/wp-content\/uploads\/2025\/01\/Bureau-2025-768x434.jpg 768w\" sizes=\"auto, (max-width: 885px) 100vw, 885px\" \/><\/figure><\/div>\n\n\n\n<p>&nbsp;<\/p>\n\n\n\n<p><\/p>\n\n\n\n<h1 class=\"wp-block-heading\">Nous contacter<\/h1>\n\n\n\n<p class=\"has-text-align-left\"><strong>S<\/strong><em><strong>i\u00e8ge social :<\/strong>&nbsp;<\/em><\/p>\n\n\n\n<p class=\"has-text-align-center\"><em>ASSOCIATION DE SAUVEGARDE DU CHA<\/em>TEAU<\/p>\n\n\n\n<p class=\"has-text-align-center\">27 rue Sicard Alaman &#8211; 81150 Castelnau de L\u00e9vis&nbsp;<\/p>\n\n\n\n<p><em><strong>T\u00e9l\u00e9phone :<\/strong>&nbsp; 06 12 49 96 90<\/em><\/p>\n\n\n\n<p><em><strong>Courriel :<\/strong>&nbsp;&nbsp;<a href=\"mailto:associationsauvegardechateau@orange.fr\">associationsauvegardechateau@orange.fr<\/a><\/em><\/p>\n\n\n\n<p><em>&nbsp;<\/em><\/p>\n","protected":false},"excerpt":{"rendered":"<p>L&rsquo;association de Sauvegarde du Ch\u00e2teau est \u00e0 ce jour compos\u00e9e d&rsquo;une centaine de membres dont une vingtaine de b\u00e9n\u00e9voles actifs pr\u00e9sents pour certains depuis sa cr\u00e9ation en 1992 ! &nbsp;Passionn\u00e9s et conscients de notre chance&nbsp;inestimable de vivre au pied d&rsquo;un \u00e9difice dont l&rsquo;histoire a commenc\u00e9 \u00e0 s&rsquo;\u00e9crire au 13 -\u00e8me si\u00e8cle, nous avons \u00e0 c\u0153ur [&hellip;]<\/p>\n","protected":false},"author":1,"featured_media":0,"parent":0,"menu_order":0,"comment_status":"closed","ping_status":"closed","template":"","meta":{"footnotes":""},"class_list":["post-156","page","type-page","status-publish","hentry"],"_links":{"self":[{"href":"https:\/\/sauvegarde-chateau-castelnaudelevis.fr\/index.php\/wp-json\/wp\/v2\/pages\/156","targetHints":{"allow":["GET"]}}],"collection":[{"href":"https:\/\/sauvegarde-chateau-castelnaudelevis.fr\/index.php\/wp-json\/wp\/v2\/pages"}],"about":[{"href":"https:\/\/sauvegarde-chateau-castelnaudelevis.fr\/index.php\/wp-json\/wp\/v2\/types\/page"}],"author":[{"embeddable":true,"href":"https:\/\/sauvegarde-chateau-castelnaudelevis.fr\/index.php\/wp-json\/wp\/v2\/users\/1"}],"replies":[{"embeddable":true,"href":"https:\/\/sauvegarde-chateau-castelnaudelevis.fr\/index.php\/wp-json\/wp\/v2\/comments?post=156"}],"version-history":[{"count":11,"href":"https:\/\/sauvegarde-chateau-castelnaudelevis.fr\/index.php\/wp-json\/wp\/v2\/pages\/156\/revisions"}],"predecessor-version":[{"id":678,"href":"https:\/\/sauvegarde-chateau-castelnaudelevis.fr\/index.php\/wp-json\/wp\/v2\/pages\/156\/revisions\/678"}],"wp:attachment":[{"href":"https:\/\/sauvegarde-chateau-castelnaudelevis.fr\/index.php\/wp-json\/wp\/v2\/media?parent=156"}],"curies":[{"name":"wp","href":"https:\/\/api.w.org\/{rel}","templated":true}]}}