{"id":2,"date":"2024-03-01T15:04:33","date_gmt":"2024-03-01T14:04:33","guid":{"rendered":"http:\/\/sauvegarde-chateau-castelnaudelevis.fr\/?page_id=2"},"modified":"2025-05-15T16:45:23","modified_gmt":"2025-05-15T14:45:23","slug":"page-d-exemple","status":"publish","type":"page","link":"https:\/\/sauvegarde-chateau-castelnaudelevis.fr\/index.php\/page-d-exemple\/","title":{"rendered":"Le Ch\u00e2teau"},"content":{"rendered":"\n<figure class=\"wp-block-image size-large\"><img loading=\"lazy\" decoding=\"async\" width=\"1024\" height=\"413\" src=\"https:\/\/sauvegarde-chateau-castelnaudelevis.fr\/wp-content\/uploads\/2025\/05\/IMG_5227-1024x413.jpg\" alt=\"\" class=\"wp-image-764\" srcset=\"https:\/\/sauvegarde-chateau-castelnaudelevis.fr\/wp-content\/uploads\/2025\/05\/IMG_5227-1024x413.jpg 1024w, https:\/\/sauvegarde-chateau-castelnaudelevis.fr\/wp-content\/uploads\/2025\/05\/IMG_5227-300x121.jpg 300w, https:\/\/sauvegarde-chateau-castelnaudelevis.fr\/wp-content\/uploads\/2025\/05\/IMG_5227-768x310.jpg 768w, https:\/\/sauvegarde-chateau-castelnaudelevis.fr\/wp-content\/uploads\/2025\/05\/IMG_5227-1536x619.jpg 1536w, https:\/\/sauvegarde-chateau-castelnaudelevis.fr\/wp-content\/uploads\/2025\/05\/IMG_5227-2048x826.jpg 2048w\" sizes=\"auto, (max-width: 1024px) 100vw, 1024px\" \/><\/figure>\n\n\n\n<h2 class=\"wp-block-heading\">Un peu d&rsquo;histoire<\/h2>\n\n\n\n<div class=\"wp-block-media-text is-stacked-on-mobile is-image-fill-element\" style=\"grid-template-columns:28% auto\"><figure class=\"wp-block-media-text__media\"><img loading=\"lazy\" decoding=\"async\" width=\"315\" height=\"267\" src=\"https:\/\/sauvegarde-chateau-castelnaudelevis.fr\/wp-content\/uploads\/2024\/03\/Raymond7_sceaux.jpg\" alt=\"\" class=\"wp-image-66 size-full\" style=\"object-position:50% 50%\" srcset=\"https:\/\/sauvegarde-chateau-castelnaudelevis.fr\/wp-content\/uploads\/2024\/03\/Raymond7_sceaux.jpg 315w, https:\/\/sauvegarde-chateau-castelnaudelevis.fr\/wp-content\/uploads\/2024\/03\/Raymond7_sceaux-300x254.jpg 300w\" sizes=\"auto, (max-width: 315px) 100vw, 315px\" \/><\/figure><div class=\"wp-block-media-text__content\">\n<p>Le <strong>12 avril 1229<\/strong>, le dernier comte de Toulouse,<strong> <a href=\"https:\/\/fr.wikipedia.org\/wiki\/Raymond_VII_de_Toulouse\" target=\"_blank\" rel=\"noreferrer noopener\">Raimond VII<\/a><\/strong>, sorti exsangue de l\u2019\u00e9pop\u00e9e sanglante des croisades, signe le trait\u00e9 de paix ramenant ses possessions \u00e0 peau de chagrin et lui interdisant de reconstruire la moindre place forte.<\/p>\n<\/div><\/div>\n\n\n\n<div class=\"wp-block-media-text has-media-on-the-right is-stacked-on-mobile\" style=\"grid-template-columns:auto 17%\"><div class=\"wp-block-media-text__content\">\n<p class=\"has-primary-color has-text-color has-link-color wp-elements-5e90cc99c02817182da417a80f42ff91\">Son ministre, <strong><a href=\"https:\/\/fr.wikipedia.org\/wiki\/Sicard_Alaman\" target=\"_blank\" rel=\"noreferrer noopener\">Sicard Alaman<\/a><\/strong>, vient d\u2019h\u00e9riter de son p\u00e8re un&nbsp;&nbsp;vaste domaine situ\u00e9 au nord du Tarn, jouxtant opportun\u00e9ment les terres appartenant \u00e0 Raimond VII dans le Nord Albigeois. Les arm\u00e9es du roi de France sont install\u00e9es de l\u2019autre c\u00f4t\u00e9, sur la rive sud du Tarn.&nbsp;<\/p>\n\n\n\n<p class=\"has-primary-color has-text-color has-link-color wp-elements-deea96d10e9c8e99f362f64464300cbb\">Saisissant l\u2019espoir de reconqu\u00eate qui s\u2019offre \u00e0 lui, Raimond VII conc\u00e8de en fief \u00e0 Sicard Alaman le<strong> \u00ab&nbsp;<em>Puy de Bonafous<\/em>&nbsp;\u00bb<\/strong> aux conditions affich\u00e9es qu\u2019il y construise un village fortifi\u00e9 dans le but d\u2019y reloger les populations en errances des villages d\u00e9vast\u00e9s par les troupes de Simon de Montfort.<\/p>\n\n\n\n<p class=\"has-primary-color has-text-color has-link-color wp-elements-e1c4a8b3feefd4413c05f88d29839591\">Reste \u00e0 trouver le moyen de contourner l\u2019interdiction du trait\u00e9&nbsp;et c\u2019est l\u2019\u00e9v\u00eaque Durand de Beaucaire qui, se disant convaincu de la n\u00e9cessit\u00e9 de b\u00e2tir une place forte capable de contenir l\u2019h\u00e9r\u00e9sie renaissante en Albigeois, avalisera sa construction.<\/p>\n<\/div><figure class=\"wp-block-media-text__media\"><img loading=\"lazy\" decoding=\"async\" width=\"203\" height=\"295\" src=\"https:\/\/sauvegarde-chateau-castelnaudelevis.fr\/wp-content\/uploads\/2024\/03\/Demay_p43.jpg\" alt=\"\" class=\"wp-image-67 size-full\"\/><\/figure><\/div>\n\n\n\n<div class=\"wp-block-media-text is-stacked-on-mobile\" style=\"grid-template-columns:34% auto\"><figure class=\"wp-block-media-text__media\"><img loading=\"lazy\" decoding=\"async\" width=\"332\" height=\"237\" src=\"https:\/\/sauvegarde-chateau-castelnaudelevis.fr\/wp-content\/uploads\/2024\/03\/levis2.jpg\" alt=\"\" class=\"wp-image-60 size-full\" srcset=\"https:\/\/sauvegarde-chateau-castelnaudelevis.fr\/wp-content\/uploads\/2024\/03\/levis2.jpg 332w, https:\/\/sauvegarde-chateau-castelnaudelevis.fr\/wp-content\/uploads\/2024\/03\/levis2-300x214.jpg 300w\" sizes=\"auto, (max-width: 332px) 100vw, 332px\" \/><\/figure><div class=\"wp-block-media-text__content\">\n<p>L\u2019\u00e9dification de la forteresse s\u2019\u00e9chelonne sur une vingtaine d\u2019ann\u00e9es entre <strong>1235 et, approximativement, 1256<\/strong>.&nbsp;&nbsp;Des am\u00e9liorations survenues ult\u00e9rieurement en certains points strat\u00e9giques n\u2019ont que sensiblement&nbsp;&nbsp;modifi\u00e9 l\u2019architecture globale du ch\u00e2teau.&nbsp;&nbsp;L\u2019audacieuse <strong>Tour de Guet a \u00e9t\u00e9 \u00e9rig\u00e9e \u00e0 la fin du XIV<sup>\u00e8me<\/sup>&nbsp;si\u00e8cle<\/strong> et l\u2019imposante tour orientale fera encore l\u2019objet, du XVI<sup>\u00e8me<\/sup>&nbsp;au XVIII<sup>\u00e8me<\/sup>&nbsp;si\u00e8cle,&nbsp;&nbsp;de travaux visant principalement \u00e0 am\u00e9nager les b\u00e2timents d\u2019habitation.<\/p>\n<\/div><\/div>\n\n\n\n<p class=\"has-primary-color has-text-color has-link-color wp-elements-ecb46b97e82e37b945894a839b424b90\">Le&nbsp;<a href=\"https:\/\/fr.wikipedia.org\/wiki\/Ch%C3%A2teau_de_Castelnau-de-L%C3%A9vis\"><strong>ch\u00e2teau<\/strong><\/a>&nbsp;est b\u00e2ti en belle pierre locale sur un plateau d\u2019environ 150 m\u00e8tres de long sur 40 m\u00e8tres de large. Son enceinte \u00e9pouse d\u2019est en ouest, c\u00f4t\u00e9 sud,&nbsp;&nbsp;&nbsp;le versant abrupt du coteau, tandis que sur sa face nord, l\u2019\u00e9difice en retrait du plateau, est prot\u00e9g\u00e9 par un large foss\u00e9. Deux petites tours carr\u00e9es flanquent les faces nord et sud dans la partie occidentale de l\u2019\u00e9difice.&nbsp;&nbsp;Deux autres tours de flanquement sont suppos\u00e9es avoir exist\u00e9 sur chaque front ainsi qu\u2019\u00e0 l\u2019entr\u00e9e, en pendant du ch\u00e2telet d\u2019entr\u00e9e m\u00e9ridional. L\u2019ensemble se divise en deux parties&nbsp;entour\u00e9es de courtines rectilignes flanqu\u00e9es au sud-ouest et au nord-ouest de deux tours rondes.&nbsp;&nbsp;L\u2019espace est constitu\u00e9, \u00e0 l\u2019est, du ch\u00e2teau&nbsp;&nbsp;proprement dit avec la demeure seigneuriale et, \u00e0 l\u2019ouest sur le m\u00eame niveau, de la longue basse-cour. L\u2019ouvrage dessinait un triangle&nbsp;&nbsp;dont les parties saillantes \u00e9taient&nbsp;: le ch\u00e2telet de l\u2019entr\u00e9e principale au sud, l\u2019ensemble tour de flanquement &#8211; tour de guet &#8211; au nord,&nbsp;&nbsp;et une grosse tour \u00e0 l\u2019est. Seuls ces trois \u00e9l\u00e9ments ont surv\u00e9cu.<\/p>\n\n\n\n<p class=\"has-primary-color has-text-color has-link-color wp-elements-f53d0f2000e7e509d3e7c91eff2b425b\"><\/p>\n\n\n\n<div class=\"wp-block-media-text is-stacked-on-mobile\"><figure class=\"wp-block-media-text__media\"><img loading=\"lazy\" decoding=\"async\" width=\"800\" height=\"380\" src=\"https:\/\/sauvegarde-chateau-castelnaudelevis.fr\/wp-content\/uploads\/2024\/03\/Raymondin.jpg\" alt=\"\" class=\"wp-image-38 size-full\" srcset=\"https:\/\/sauvegarde-chateau-castelnaudelevis.fr\/wp-content\/uploads\/2024\/03\/Raymondin.jpg 800w, https:\/\/sauvegarde-chateau-castelnaudelevis.fr\/wp-content\/uploads\/2024\/03\/Raymondin-300x143.jpg 300w, https:\/\/sauvegarde-chateau-castelnaudelevis.fr\/wp-content\/uploads\/2024\/03\/Raymondin-768x365.jpg 768w\" sizes=\"auto, (max-width: 800px) 100vw, 800px\" \/><\/figure><div class=\"wp-block-media-text__content\">\n<p><strong>En 1248<\/strong>, Castelnau,&nbsp;&nbsp;\u00e0 l\u2019image des cit\u00e9s dominantes, obtient l\u2019autorisation de frapper la monnaie,&nbsp;les<em> <strong>raimondins<\/strong><a href=\"http:\/\/www.mairie-castelnaudelevis.com\/\">,<\/a><\/em>&nbsp;au ch\u00e2teau de Bonafous. et le 11 mai 1256, Sicard Alaman octroie une&nbsp;<em><strong><a href=\"https:\/\/sauvegarde-chateau-castelnaudelevis.fr\/index.php\/charte-de-franchises-1256\/\" data-type=\"page\" data-id=\"312\">charte des franchises<\/a><\/strong>&nbsp;<\/em>aux habitants pour fixer les r\u00e8gles de vie dans la communaut\u00e9.&nbsp;&nbsp;<\/p>\n<\/div><\/div>\n\n\n\n<p class=\"has-primary-color has-text-color has-link-color wp-elements-4a9c239e82c67cc147adbe9dd62d00f5\">Lors de la donation \u00e0 Sicard Alaman en 1234, la seigneurie de Castelnau de Bonnafous s&rsquo;\u00e9tendait sur 7 657 hectares. Jusqu&rsquo;\u00e0 la r\u00e9volution, ce fut une puissante baronnie dont le titre donnait droit d&rsquo;entr\u00e9e aux Etats Provinciaux de Languedoc.<\/p>\n\n\n\n<p class=\"has-primary-color has-text-color has-link-color wp-elements-0875a8c93f75654bca258241f7545ab1\">En <strong>1818<\/strong>, le ch\u00e2teau est vendu par ses derniers propri\u00e9taires.&nbsp;&nbsp;Les acqu\u00e9reurs n\u2019y voient qu\u2019une carri\u00e8re \u00e0 exploiter \u2026<\/p>\n\n\n\n<p>&nbsp;Dans la nouvelle \u00e9dition de Dom Vayss\u00e8te par Du M\u00e8ge <strong>vers 1850<\/strong>, on lit&nbsp;:<\/p>\n\n\n\n<p><em>\u00ab&nbsp;Le ch\u00e2teau de Bonafous, nomm\u00e9 depuis Castelnau de L\u00e9vis, existait dans son entier, il y a trente ans.<\/em> <em>Nous en avons vu, pour la premi\u00e8re fois, les ruines en 1821.<\/em> <em>Il occupait le sommet d\u2019une hauteur escarp\u00e9e sur la rive droite du Tarn. On y parvenait par des rampes taill\u00e9es dans la masse de la colline et ses approches \u00e9taient d\u00e9fendues par plusieurs ouvrages, de hauts murs l\u2019enveloppaient&nbsp;; deux tours se dressaient vers le couchant et rendaient de ce c\u00f4t\u00e9 l\u2019attaque tr\u00e8s difficile. Au centre, s\u2019\u00e9lan\u00e7ait une haute tour svelte, \u00e9l\u00e9gante, l\u00e9g\u00e8re, couronn\u00e9e de m\u00e2chicoulis et de cr\u00e9neaux. Chacune de ses faces \u00e9tait rev\u00eatue de pierres taill\u00e9es avec soin.<\/em> <em>Aujourd\u2019hui, cette tour reste presque seule au milieu des ruines du ch\u00e2teau, t\u00e9moin muet des grandeurs du Moyen-\u00c2ge&nbsp;\u00bb<\/em>&nbsp;.<\/p>\n\n\n\n<p class=\"has-primary-color has-text-color has-link-color wp-elements-974bc09faef05d0b55b6055dbb63f3e7\">Les vestiges du ch\u00e2teau sont class\u00e9s le <strong>2 novembre 1909<\/strong>.<\/p>\n\n\n\n<p class=\"has-primary-color has-text-color has-link-color wp-elements-ba24687750805c56397d28bdf12d9f3c\">La municipalit\u00e9 de Castelnau s\u2019en rend acqu\u00e9reur en <strong>1991<\/strong>.<\/p>\n\n\n\n<p class=\"has-primary-color has-text-color has-link-color wp-elements-c75ce30f58766c4bac2674008b2072b1\">&nbsp;<\/p>\n\n\n\n<p class=\"has-primary-color has-text-color has-link-color wp-elements-a4da8ec3d25090911323d4572753750b\">Bibliographie : Sylvie Caucanas,&nbsp;<em>Une seigneurie de l&rsquo;Albigeois du XIII\u00e8 au XVe si\u00e8cle<\/em>, th\u00e8se de l&rsquo;\u00c9cole des Chartes, 1977 aux Archives d\u00e9partementales du Tarn &#8211;&nbsp;Sylvie Caucanas,&nbsp;<em>La charte de franchise de Castelnau\u2011de\u2011L\u00e9vis<\/em>&nbsp;dans Revue duTarn -Sylvie Caucanas,&nbsp;<em>La seigneurie de Castelnau\u2011de\u2011L\u00e9vis aux XIVe et XVe si\u00e8cles&nbsp;<\/em>dans Annales du Midi, janvier \u00admars 1978 &#8211;&nbsp;Jean Roques,&nbsp;<em>Castelnau\u2011de\u2011L\u00e9vis<\/em>, Albi, 1981.&nbsp;<\/p>\n","protected":false},"excerpt":{"rendered":"<p>Un peu d&rsquo;histoire Le 12 avril 1229, le dernier comte de Toulouse, Raimond VII, sorti exsangue de l\u2019\u00e9pop\u00e9e sanglante des croisades, signe le trait\u00e9 de paix ramenant ses possessions \u00e0 peau de chagrin et lui interdisant de reconstruire la moindre place forte. Son ministre, Sicard Alaman, vient d\u2019h\u00e9riter de son p\u00e8re un&nbsp;&nbsp;vaste domaine situ\u00e9 au [&hellip;]<\/p>\n","protected":false},"author":1,"featured_media":0,"parent":0,"menu_order":0,"comment_status":"closed","ping_status":"open","template":"","meta":{"footnotes":""},"class_list":["post-2","page","type-page","status-publish","hentry"],"_links":{"self":[{"href":"https:\/\/sauvegarde-chateau-castelnaudelevis.fr\/index.php\/wp-json\/wp\/v2\/pages\/2","targetHints":{"allow":["GET"]}}],"collection":[{"href":"https:\/\/sauvegarde-chateau-castelnaudelevis.fr\/index.php\/wp-json\/wp\/v2\/pages"}],"about":[{"href":"https:\/\/sauvegarde-chateau-castelnaudelevis.fr\/index.php\/wp-json\/wp\/v2\/types\/page"}],"author":[{"embeddable":true,"href":"https:\/\/sauvegarde-chateau-castelnaudelevis.fr\/index.php\/wp-json\/wp\/v2\/users\/1"}],"replies":[{"embeddable":true,"href":"https:\/\/sauvegarde-chateau-castelnaudelevis.fr\/index.php\/wp-json\/wp\/v2\/comments?post=2"}],"version-history":[{"count":19,"href":"https:\/\/sauvegarde-chateau-castelnaudelevis.fr\/index.php\/wp-json\/wp\/v2\/pages\/2\/revisions"}],"predecessor-version":[{"id":765,"href":"https:\/\/sauvegarde-chateau-castelnaudelevis.fr\/index.php\/wp-json\/wp\/v2\/pages\/2\/revisions\/765"}],"wp:attachment":[{"href":"https:\/\/sauvegarde-chateau-castelnaudelevis.fr\/index.php\/wp-json\/wp\/v2\/media?parent=2"}],"curies":[{"name":"wp","href":"https:\/\/api.w.org\/{rel}","templated":true}]}}