{"id":312,"date":"2024-03-05T11:06:09","date_gmt":"2024-03-05T10:06:09","guid":{"rendered":"https:\/\/sauvegarde-chateau-castelnaudelevis.fr\/?page_id=312"},"modified":"2024-03-05T11:06:09","modified_gmt":"2024-03-05T10:06:09","slug":"charte-de-franchises-1256","status":"publish","type":"page","link":"https:\/\/sauvegarde-chateau-castelnaudelevis.fr\/index.php\/charte-de-franchises-1256\/","title":{"rendered":"Charte de Franchises 1256"},"content":{"rendered":"\n<div class=\"wp-block-media-text alignwide is-stacked-on-mobile is-vertically-aligned-center\" style=\"grid-template-columns:38% auto\"><figure class=\"wp-block-media-text__media\"><img loading=\"lazy\" decoding=\"async\" width=\"885\" height=\"500\" src=\"https:\/\/sauvegarde-chateau-castelnaudelevis.fr\/wp-content\/uploads\/2024\/03\/Charte-des-franchises.jpg\" alt=\"\" class=\"wp-image-313 size-full\" srcset=\"https:\/\/sauvegarde-chateau-castelnaudelevis.fr\/wp-content\/uploads\/2024\/03\/Charte-des-franchises.jpg 885w, https:\/\/sauvegarde-chateau-castelnaudelevis.fr\/wp-content\/uploads\/2024\/03\/Charte-des-franchises-300x169.jpg 300w, https:\/\/sauvegarde-chateau-castelnaudelevis.fr\/wp-content\/uploads\/2024\/03\/Charte-des-franchises-768x434.jpg 768w\" sizes=\"auto, (max-width: 885px) 100vw, 885px\" \/><\/figure><div class=\"wp-block-media-text__content\">\n<p>La \u00ab\u00a0charte des franchises\u00a0\u00bb, acte juridique de droit municipal durant la p\u00e9riode m\u00e9di\u00e9vale, marque l\u2019apparition des libert\u00e9s communales accord\u00e9e par le fondateur d\u2019une cit\u00e9 nouvelle en remplacement du syst\u00e8me f\u00e9odal dominant jusque-l\u00e0.<\/p>\n\n\n\n<p>Contrairement \u00e0 la coutume qui voulait que la charte des franchises, pr\u00e9sid\u00e2t \u00e0 la naissance des villes nouvelles pour y attirer des habitants, celle de Castelnau de Bonafos dans laquelle Sicard Alaman, fondateur de la cit\u00e9, conc\u00e8de un ensemble de droits et de privil\u00e8ges, n\u2019est octroy\u00e9e aux occupants du bourg que le 11 mai 1256, pr\u00e8s de dix ans apr\u00e8s leur installation, pour fixer les r\u00e8gles de vie de la communaut\u00e9 : condition des biens et des personnes, rapports du pouvoir seigneurial et municipal, vie quotidienne, droit priv\u00e9 etc.<\/p>\n\n\n\n<p>La Charte consigne la d\u00e9finition d\u2019une libert\u00e9 nouvelle, \u00e0 l\u2019abri de tout arbitraire seigneurial o\u00f9 les habitants, \u00e0 l\u2019inverse de leur condition de servage, sont d\u00e9sormais libres de leurs biens et de leurs mouvements ; elle fixe les r\u00e8gles de l\u2019exercice du pouvoir, juste \u00e9quilibre entre la sauvegarde des droits seigneuriaux et le respect des droits des habitants ; elle d\u00e9finit les lois qui r\u00e9gissent la vie quotidienne et la liste des d\u00e9lits et des peines encourues en cas d\u2019infractions ; enfin, elle \u00e9tablit le montant des taxes et redevances.<\/p>\n\n\n\n<p>\u00c0 l\u2019instar des cit\u00e9s dominantes, Castelnau de Bonafos poss\u00e8de sa monnaie. Le droit de frapper la monnaie \u00e0 Albi d\u00e9volu au vicomte de Trencavel, au comte de Toulouse et \u00e0 l\u2019\u00e9v\u00eaque, \u00e9choit, \u00e0 la mort de Trencavel, \u00e0 Sicard Alaman qui obtient de frapper les raimondins de Bonafous au ch\u00e2teau en 1 248.<\/p>\n\n\n\n<p>La charte des Franchises, joyau du patrimoine castell\u00e9vissien, l\u2019une des rares \u00e0 avoir travers\u00e9 les si\u00e8cles en excellent \u00e9tat, est conserv\u00e9e aux Archives d\u00e9partementales du Tarn dans son \u00e9tui de cuir d\u2019origine. Elle a fait en un \u00e9mouvant \u00ab\u00a0retour \u00e0 la maison\u00a0\u00bb pr\u00e8s de huit si\u00e8cles apr\u00e8s son \u00e9diction lors d\u2019une exposition de l\u2019association de Sauvegarde du Ch\u00e2teau en 2016 sous les bienveillants auspices de Jean Le Pottier, alors directeur des Archives.<\/p>\n\n\n\n<p><em>Source&nbsp;: LA DEPECHE DU MIDI 05\/01\/2021 Auteur&nbsp;: FP<\/em><\/p>\n<\/div><\/div>\n","protected":false},"excerpt":{"rendered":"<p>La \u00ab\u00a0charte des franchises\u00a0\u00bb, acte juridique de droit municipal durant la p\u00e9riode m\u00e9di\u00e9vale, marque l\u2019apparition des libert\u00e9s communales accord\u00e9e par le fondateur d\u2019une cit\u00e9 nouvelle en remplacement du syst\u00e8me f\u00e9odal dominant jusque-l\u00e0. Contrairement \u00e0 la coutume qui voulait que la charte des franchises, pr\u00e9sid\u00e2t \u00e0 la naissance des villes nouvelles pour y attirer des habitants, [&hellip;]<\/p>\n","protected":false},"author":1,"featured_media":0,"parent":0,"menu_order":0,"comment_status":"closed","ping_status":"closed","template":"","meta":{"footnotes":""},"class_list":["post-312","page","type-page","status-publish","hentry"],"_links":{"self":[{"href":"https:\/\/sauvegarde-chateau-castelnaudelevis.fr\/index.php\/wp-json\/wp\/v2\/pages\/312","targetHints":{"allow":["GET"]}}],"collection":[{"href":"https:\/\/sauvegarde-chateau-castelnaudelevis.fr\/index.php\/wp-json\/wp\/v2\/pages"}],"about":[{"href":"https:\/\/sauvegarde-chateau-castelnaudelevis.fr\/index.php\/wp-json\/wp\/v2\/types\/page"}],"author":[{"embeddable":true,"href":"https:\/\/sauvegarde-chateau-castelnaudelevis.fr\/index.php\/wp-json\/wp\/v2\/users\/1"}],"replies":[{"embeddable":true,"href":"https:\/\/sauvegarde-chateau-castelnaudelevis.fr\/index.php\/wp-json\/wp\/v2\/comments?post=312"}],"version-history":[{"count":1,"href":"https:\/\/sauvegarde-chateau-castelnaudelevis.fr\/index.php\/wp-json\/wp\/v2\/pages\/312\/revisions"}],"predecessor-version":[{"id":314,"href":"https:\/\/sauvegarde-chateau-castelnaudelevis.fr\/index.php\/wp-json\/wp\/v2\/pages\/312\/revisions\/314"}],"wp:attachment":[{"href":"https:\/\/sauvegarde-chateau-castelnaudelevis.fr\/index.php\/wp-json\/wp\/v2\/media?parent=312"}],"curies":[{"name":"wp","href":"https:\/\/api.w.org\/{rel}","templated":true}]}}