{"id":471,"date":"2024-03-16T19:45:24","date_gmt":"2024-03-16T18:45:24","guid":{"rendered":"https:\/\/sauvegarde-chateau-castelnaudelevis.fr\/?page_id=471"},"modified":"2024-03-16T19:45:24","modified_gmt":"2024-03-16T18:45:24","slug":"devenir-mecene","status":"publish","type":"page","link":"https:\/\/sauvegarde-chateau-castelnaudelevis.fr\/index.php\/devenir-mecene\/","title":{"rendered":"Devenir M\u00e9c\u00e8ne"},"content":{"rendered":"\n<p class=\"has-text-align-center\"><strong>L\u2019Association est reconnue d\u2019int\u00e9r\u00eat g\u00e9n\u00e9ral, \u00e9ligible aux conditions du m\u00e9c\u00e9nat<\/strong><\/p>\n\n\n\n<p><strong>Le m\u00e9c\u00e9nat<\/strong>&nbsp;est une d\u00e9marche qui permet aux entreprises de soutenir des&nbsp;<strong>\u0153uvres d\u2019int\u00e9r\u00eat g\u00e9n\u00e9ral<\/strong>&nbsp;tout en b\u00e9n\u00e9ficiant d\u2019une&nbsp;<strong>r\u00e9duction d\u2019imp\u00f4t<\/strong>. Voici quelques points importants \u00e0 retenir <strong>Quelles entreprises sont concern\u00e9es ?<\/strong><\/p>\n\n\n\n<ul class=\"wp-block-list\">\n<li>Toutes les entreprises, qu\u2019elles soient assujetties \u00e0 l\u2019imp\u00f4t sur le revenu ou \u00e0 l\u2019imp\u00f4t sur les soci\u00e9t\u00e9s, peuvent participer au m\u00e9c\u00e9nat.\n<ul class=\"wp-block-list\">\n<li>En contrepartie de leur soutien, elles peuvent b\u00e9n\u00e9ficier d\u2019une r\u00e9duction d\u2019imp\u00f4t.<\/li>\n<\/ul>\n<\/li>\n<\/ul>\n\n\n\n<p><strong>Quels dons sont \u00e9ligibles ?<\/strong><\/p>\n\n\n\n<ul class=\"wp-block-list\">\n<li>Votre don doit soutenir une\u00a0<strong>\u0153uvre d\u2019int\u00e9r\u00eat g\u00e9n\u00e9ral<\/strong>. Cela inclut des domaines tels que la d\u00e9fense et la pr\u00e9servation du patrimoine<ul><li>Le don peut prendre la forme d\u2019un&nbsp;<strong>apport financier<\/strong>, d\u2019un&nbsp;<strong>soutien en nature<\/strong>&nbsp;(comme la remise d\u2019un bien) ou d\u2019un&nbsp;<strong>soutien en comp\u00e9tences<\/strong>&nbsp;(par exemple, la mise \u00e0 disposition de personnel).<\/li><\/ul>\n<ul class=\"wp-block-list\">\n<li>Il est important que votre action de m\u00e9c\u00e9nat se fasse&nbsp;<strong>sans contrepartie disproportionn\u00e9e<\/strong>. Sinon, il ne s\u2019agit plus d\u2019un don, mais d\u2019une r\u00e9mun\u00e9ration ou d\u2019un parrainage.<\/li>\n<\/ul>\n<\/li>\n<\/ul>\n\n\n\n<p><strong>En somme, le m\u00e9c\u00e9nat offre une opportunit\u00e9 \u00e0 votre entreprise de contribuer positivement \u00e0 la soci\u00e9t\u00e9 tout en b\u00e9n\u00e9ficiant d\u2019avantages fiscaux.<\/strong><\/p>\n\n\n\n<figure class=\"wp-block-image size-full\"><img loading=\"lazy\" decoding=\"async\" width=\"986\" height=\"306\" src=\"https:\/\/sauvegarde-chateau-castelnaudelevis.fr\/wp-content\/uploads\/2024\/03\/Avantage-fiscal-mecenat.jpg\" alt=\"\" class=\"wp-image-473\" srcset=\"https:\/\/sauvegarde-chateau-castelnaudelevis.fr\/wp-content\/uploads\/2024\/03\/Avantage-fiscal-mecenat.jpg 986w, https:\/\/sauvegarde-chateau-castelnaudelevis.fr\/wp-content\/uploads\/2024\/03\/Avantage-fiscal-mecenat-300x93.jpg 300w, https:\/\/sauvegarde-chateau-castelnaudelevis.fr\/wp-content\/uploads\/2024\/03\/Avantage-fiscal-mecenat-768x238.jpg 768w\" sizes=\"auto, (max-width: 986px) 100vw, 986px\" \/><\/figure>\n\n\n\n<p class=\"has-text-align-center\"><strong><a href=\"https:\/\/www.helloasso.com\/associations\/association-de-sauvegarde-du-chateau\/formulaires\/1\">FAIRE UN DON \u00e0 L&rsquo;Association<\/a> <\/strong><\/p>\n\n\n\n<p><\/p>\n","protected":false},"excerpt":{"rendered":"<p>L\u2019Association est reconnue d\u2019int\u00e9r\u00eat g\u00e9n\u00e9ral, \u00e9ligible aux conditions du m\u00e9c\u00e9nat Le m\u00e9c\u00e9nat&nbsp;est une d\u00e9marche qui permet aux entreprises de soutenir des&nbsp;\u0153uvres d\u2019int\u00e9r\u00eat g\u00e9n\u00e9ral&nbsp;tout en b\u00e9n\u00e9ficiant d\u2019une&nbsp;r\u00e9duction d\u2019imp\u00f4t. Voici quelques points importants \u00e0 retenir Quelles entreprises sont concern\u00e9es ? Quels dons sont \u00e9ligibles ? En somme, le m\u00e9c\u00e9nat offre une opportunit\u00e9 \u00e0 votre entreprise de contribuer [&hellip;]<\/p>\n","protected":false},"author":1,"featured_media":0,"parent":0,"menu_order":0,"comment_status":"closed","ping_status":"closed","template":"","meta":{"footnotes":""},"class_list":["post-471","page","type-page","status-publish","hentry"],"_links":{"self":[{"href":"https:\/\/sauvegarde-chateau-castelnaudelevis.fr\/index.php\/wp-json\/wp\/v2\/pages\/471","targetHints":{"allow":["GET"]}}],"collection":[{"href":"https:\/\/sauvegarde-chateau-castelnaudelevis.fr\/index.php\/wp-json\/wp\/v2\/pages"}],"about":[{"href":"https:\/\/sauvegarde-chateau-castelnaudelevis.fr\/index.php\/wp-json\/wp\/v2\/types\/page"}],"author":[{"embeddable":true,"href":"https:\/\/sauvegarde-chateau-castelnaudelevis.fr\/index.php\/wp-json\/wp\/v2\/users\/1"}],"replies":[{"embeddable":true,"href":"https:\/\/sauvegarde-chateau-castelnaudelevis.fr\/index.php\/wp-json\/wp\/v2\/comments?post=471"}],"version-history":[{"count":3,"href":"https:\/\/sauvegarde-chateau-castelnaudelevis.fr\/index.php\/wp-json\/wp\/v2\/pages\/471\/revisions"}],"predecessor-version":[{"id":475,"href":"https:\/\/sauvegarde-chateau-castelnaudelevis.fr\/index.php\/wp-json\/wp\/v2\/pages\/471\/revisions\/475"}],"wp:attachment":[{"href":"https:\/\/sauvegarde-chateau-castelnaudelevis.fr\/index.php\/wp-json\/wp\/v2\/media?parent=471"}],"curies":[{"name":"wp","href":"https:\/\/api.w.org\/{rel}","templated":true}]}}