{"id":76,"date":"2024-03-02T17:42:34","date_gmt":"2024-03-02T16:42:34","guid":{"rendered":"https:\/\/sauvegarde-chateau-castelnaudelevis.fr\/?page_id=76"},"modified":"2025-05-08T23:28:16","modified_gmt":"2025-05-08T21:28:16","slug":"theatre-au-chateau","status":"publish","type":"page","link":"https:\/\/sauvegarde-chateau-castelnaudelevis.fr\/index.php\/theatre-au-chateau\/","title":{"rendered":"Th\u00e9\u00e2tre au Ch\u00e2teau"},"content":{"rendered":"\n<h1 class=\"wp-block-heading has-text-align-center\">Samedi 28 Juin 2025<\/h1>\n\n\n\n<div class=\"wp-block-media-text is-stacked-on-mobile\" style=\"grid-template-columns:45% auto\"><figure class=\"wp-block-media-text__media\"><img loading=\"lazy\" decoding=\"async\" width=\"724\" height=\"1024\" src=\"https:\/\/sauvegarde-chateau-castelnaudelevis.fr\/wp-content\/uploads\/2025\/05\/Affiche-theatre-occitan-724x1024.jpg\" alt=\"\" class=\"wp-image-713 size-full\" srcset=\"https:\/\/sauvegarde-chateau-castelnaudelevis.fr\/wp-content\/uploads\/2025\/05\/Affiche-theatre-occitan-724x1024.jpg 724w, https:\/\/sauvegarde-chateau-castelnaudelevis.fr\/wp-content\/uploads\/2025\/05\/Affiche-theatre-occitan-212x300.jpg 212w, https:\/\/sauvegarde-chateau-castelnaudelevis.fr\/wp-content\/uploads\/2025\/05\/Affiche-theatre-occitan-768x1086.jpg 768w, https:\/\/sauvegarde-chateau-castelnaudelevis.fr\/wp-content\/uploads\/2025\/05\/Affiche-theatre-occitan-1086x1536.jpg 1086w, https:\/\/sauvegarde-chateau-castelnaudelevis.fr\/wp-content\/uploads\/2025\/05\/Affiche-theatre-occitan-1448x2048.jpg 1448w, https:\/\/sauvegarde-chateau-castelnaudelevis.fr\/wp-content\/uploads\/2025\/05\/Affiche-theatre-occitan-scaled.jpg 1810w\" sizes=\"auto, (max-width: 724px) 100vw, 724px\" \/><\/figure><div class=\"wp-block-media-text__content\">\n<p class=\"has-text-align-center has-x-large-font-size\"><strong>THEATRE OCCITAN >>> Salle Pierre Valax<\/strong><\/p>\n\n\n\n<p>Soir\u00e9e th\u00e9\u00e2tre occitan par la compagnie <strong>Los de Roc\u00e0guda<\/strong> :<\/p>\n\n\n\n<p>3 pi\u00e8ces :<\/p>\n\n\n\n<ul class=\"wp-block-list\">\n<li>La releva de la garda (La rel\u00e8ve de la garde)<\/li>\n<\/ul>\n\n\n\n<ul class=\"wp-block-list\">\n<li>La responsa d&rsquo;Ademar (La r\u00e9ponse d&rsquo;Adhemar)<\/li>\n<\/ul>\n\n\n\n<blockquote class=\"wp-block-quote is-layout-flow wp-block-quote-is-layout-flow\">\n<ul class=\"wp-block-list\">\n<li>Bona festa Celestina (Bonne f\u00eate C\u00e9lestine)<\/li>\n<\/ul>\n\n\n\n<blockquote class=\"wp-block-quote is-layout-flow wp-block-quote-is-layout-flow\">\n<p><\/p>\n<\/blockquote>\n<\/blockquote>\n<\/div><\/div>\n\n\n\n<p><strong>>Salle Pierre VALAX \u00e0 20h30 TARIF : 10\u20ac\/personne (8\u20ac adh\u00e9rents)\u00a0\u2013\u00a0gratuit \u2013 de 13 ans &#8211; <a href=\"https:\/\/www.helloasso.com\/associations\/association-de-sauvegarde-du-chateau\/evenements\/theatre-occitan\" target=\"_blank\" rel=\"noreferrer noopener\">R\u00e9servation<\/a> en ligne conseill\u00e9e<\/strong><\/p>\n\n\n\n<p class=\"has-text-align-center has-x-large-font-size\"><\/p>\n\n\n\n<p class=\"has-text-align-center\"><strong> <\/strong><\/p>\n\n\n\n<h1 class=\"wp-block-heading has-text-align-center\">Dimanche 9 Juin 2024<\/h1>\n\n\n\n<p class=\"has-text-align-center\"><strong><em>\u00ab&nbsp;BUILDING&nbsp;\u00bb<\/em><\/strong><\/p>\n\n\n\n<div class=\"wp-block-media-text is-stacked-on-mobile\"><figure class=\"wp-block-media-text__media\"><img loading=\"lazy\" decoding=\"async\" width=\"724\" height=\"1024\" src=\"https:\/\/sauvegarde-chateau-castelnaudelevis.fr\/wp-content\/uploads\/2024\/03\/Affiche-BuildingCastelnau-de-Levis-724x1024.jpg\" alt=\"\" class=\"wp-image-334 size-full\" srcset=\"https:\/\/sauvegarde-chateau-castelnaudelevis.fr\/wp-content\/uploads\/2024\/03\/Affiche-BuildingCastelnau-de-Levis-724x1024.jpg 724w, https:\/\/sauvegarde-chateau-castelnaudelevis.fr\/wp-content\/uploads\/2024\/03\/Affiche-BuildingCastelnau-de-Levis-212x300.jpg 212w, https:\/\/sauvegarde-chateau-castelnaudelevis.fr\/wp-content\/uploads\/2024\/03\/Affiche-BuildingCastelnau-de-Levis-768x1086.jpg 768w, https:\/\/sauvegarde-chateau-castelnaudelevis.fr\/wp-content\/uploads\/2024\/03\/Affiche-BuildingCastelnau-de-Levis.jpg 794w\" sizes=\"auto, (max-width: 724px) 100vw, 724px\" \/><\/figure><div class=\"wp-block-media-text__content\">\n<p>La compagnie des radis vous pr\u00e9sente sa nouvelle pi\u00e8ce \u00e9crite par <strong>L\u00e9onore Confino<\/strong><\/p>\n\n\n\n<p class=\"has-text-align-center\"><br>Un building,<\/p>\n\n\n\n<p class=\"has-text-align-center\">une entreprise,<\/p>\n\n\n\n<p class=\"has-text-align-center\">13&nbsp;\u00e9tages,<\/p>\n\n\n\n<p class=\"has-text-align-center\">32&nbsp;employ\u00e9s,<\/p>\n\n\n\n<p class=\"has-text-align-center\">une journ\u00e9e&#8230;<\/p>\n\n\n\n<p>&nbsp;H\u00f4tesses, comptables, agents d\u2019entretien, cadres, directeurs des ressources humaines, charg\u00e9s de communication s\u2019agitent, d\u00e9jeunent, coachent, prospectent ou brainstorment au rythme intempestif des crashs d\u2019oiseaux contre leurs baies vitr\u00e9es. Une ascension vers la chute\u2026<br><br>L\u2019\u00e9criture de la pi\u00e8ce, piquante, caustique et ponctu\u00e9e de passages musicaux et chor\u00e9graphi\u00e9s, met en relief la noirceur des th\u00e8mes abord\u00e9s&nbsp;: la perte de notre identit\u00e9 et, avec elle, celle de nos id\u00e9aux. Une com\u00e9die performante sur le monde du travail.<\/p>\n<\/div><\/div>\n\n\n\n<p><\/p>\n\n\n\n<blockquote class=\"wp-block-quote is-layout-flow wp-block-quote-is-layout-flow\">\n<p><strong>&gt;Salle d&rsquo;armes du ch\u00e2teau \u00e0 17h TARIF : 12\u20ac\/personne (10\u20ac adh\u00e9rents)<\/strong> &#8211; <strong>gratuit &#8211; de 13 ans<\/strong> <\/p>\n\n\n\n<p>Places limit\u00e9es &#8211; 100 personnes &#8211; <strong><em><a href=\"https:\/\/www.helloasso.com\/associations\/association-de-sauvegarde-du-chateau\/evenements\/theatre-au-chateau-building\">R\u00e9servation<\/a> en ligne conseill\u00e9e<\/em><\/strong><\/p>\n\n\n\n<p><\/p>\n<\/blockquote>\n","protected":false},"excerpt":{"rendered":"<p>Samedi 28 Juin 2025 >Salle Pierre VALAX \u00e0 20h30 TARIF : 10\u20ac\/personne (8\u20ac adh\u00e9rents)\u00a0\u2013\u00a0gratuit \u2013 de 13 ans &#8211; R\u00e9servation en ligne conseill\u00e9e Dimanche 9 Juin 2024 \u00ab&nbsp;BUILDING&nbsp;\u00bb La compagnie des radis vous pr\u00e9sente sa nouvelle pi\u00e8ce \u00e9crite par L\u00e9onore Confino Un building, une entreprise, 13&nbsp;\u00e9tages, 32&nbsp;employ\u00e9s, une journ\u00e9e&#8230; &nbsp;H\u00f4tesses, comptables, agents d\u2019entretien, cadres, directeurs [&hellip;]<\/p>\n","protected":false},"author":1,"featured_media":0,"parent":0,"menu_order":0,"comment_status":"closed","ping_status":"closed","template":"","meta":{"footnotes":""},"class_list":["post-76","page","type-page","status-publish","hentry"],"_links":{"self":[{"href":"https:\/\/sauvegarde-chateau-castelnaudelevis.fr\/index.php\/wp-json\/wp\/v2\/pages\/76","targetHints":{"allow":["GET"]}}],"collection":[{"href":"https:\/\/sauvegarde-chateau-castelnaudelevis.fr\/index.php\/wp-json\/wp\/v2\/pages"}],"about":[{"href":"https:\/\/sauvegarde-chateau-castelnaudelevis.fr\/index.php\/wp-json\/wp\/v2\/types\/page"}],"author":[{"embeddable":true,"href":"https:\/\/sauvegarde-chateau-castelnaudelevis.fr\/index.php\/wp-json\/wp\/v2\/users\/1"}],"replies":[{"embeddable":true,"href":"https:\/\/sauvegarde-chateau-castelnaudelevis.fr\/index.php\/wp-json\/wp\/v2\/comments?post=76"}],"version-history":[{"count":12,"href":"https:\/\/sauvegarde-chateau-castelnaudelevis.fr\/index.php\/wp-json\/wp\/v2\/pages\/76\/revisions"}],"predecessor-version":[{"id":719,"href":"https:\/\/sauvegarde-chateau-castelnaudelevis.fr\/index.php\/wp-json\/wp\/v2\/pages\/76\/revisions\/719"}],"wp:attachment":[{"href":"https:\/\/sauvegarde-chateau-castelnaudelevis.fr\/index.php\/wp-json\/wp\/v2\/media?parent=76"}],"curies":[{"name":"wp","href":"https:\/\/api.w.org\/{rel}","templated":true}]}}