{"id":78,"date":"2024-03-02T17:42:59","date_gmt":"2024-03-02T16:42:59","guid":{"rendered":"https:\/\/sauvegarde-chateau-castelnaudelevis.fr\/?page_id=78"},"modified":"2026-02-25T07:41:22","modified_gmt":"2026-02-25T06:41:22","slug":"conferences-au-chateau","status":"publish","type":"page","link":"https:\/\/sauvegarde-chateau-castelnaudelevis.fr\/index.php\/conferences-au-chateau\/","title":{"rendered":"CONFERENCES"},"content":{"rendered":"\n<p class=\"has-large-font-size\"><strong>CONFERENCE EN DEUX PARTIES<\/strong> <strong>les Jeudi 19 Mars et 14 Mai 2026 \u00e0 18h30 &gt;&gt;&gt;&gt; MAISON POUR TOUS de Castelnau de L\u00e9vis<\/strong><\/p>\n\n\n\n<div class=\"wp-block-media-text is-stacked-on-mobile\"><figure class=\"wp-block-media-text__media\"><img loading=\"lazy\" decoding=\"async\" width=\"683\" height=\"1024\" src=\"https:\/\/sauvegarde-chateau-castelnaudelevis.fr\/wp-content\/uploads\/2026\/02\/Conferences-Yves-Royer-2026-tarif-logo-2-683x1024.jpg\" alt=\"\" class=\"wp-image-925 size-full\" srcset=\"https:\/\/sauvegarde-chateau-castelnaudelevis.fr\/wp-content\/uploads\/2026\/02\/Conferences-Yves-Royer-2026-tarif-logo-2-683x1024.jpg 683w, https:\/\/sauvegarde-chateau-castelnaudelevis.fr\/wp-content\/uploads\/2026\/02\/Conferences-Yves-Royer-2026-tarif-logo-2-200x300.jpg 200w, https:\/\/sauvegarde-chateau-castelnaudelevis.fr\/wp-content\/uploads\/2026\/02\/Conferences-Yves-Royer-2026-tarif-logo-2-768x1152.jpg 768w, https:\/\/sauvegarde-chateau-castelnaudelevis.fr\/wp-content\/uploads\/2026\/02\/Conferences-Yves-Royer-2026-tarif-logo-2.jpg 1024w\" sizes=\"auto, (max-width: 683px) 100vw, 683px\" \/><\/figure><div class=\"wp-block-media-text__content\">\n<p>Intervenant fid\u00e8le de l&rsquo;association du ch\u00e2teau, <strong>Monsieur Yves Royer<\/strong>, animera une conf\u00e9rence en deux parties sur <strong>LES VOYAGES ET VOYAGEURS AU MOYEN-AGE<\/strong><\/p>\n\n\n\n<p>Les <strong>jeudi 19 Mars et 14 Mai 2026 \u00e0 18h30 \u00e0 la Maison pour tous de Castelnau de L\u00e9vis<\/strong>.<\/p>\n\n\n\n<p>Cette conf\u00e9rences en deux parties traitera des :<\/p>\n\n\n\n<ul class=\"wp-block-list\">\n<li>Conditions de voyages : comment le fait-on?<\/li>\n<\/ul>\n\n\n\n<ul class=\"wp-block-list\">\n<li>Les cat\u00e9gories de voyageurs : qui voyage ?<\/li>\n<\/ul>\n\n\n\n<p><\/p>\n\n\n\n<p><strong>Tarif unique : 5 \u20ac<\/strong><\/p>\n\n\n\n<p>Jeudi 19 MARS 2026 Partie 1 >>> <a href=\"https:\/\/www.helloasso.com\/associations\/association-de-sauvegarde-du-chateau\/evenements\/conference-yves-royer-voyages-et-voyageurs-au-moyen-age-partie-1\"><strong>R\u00e9servation en ligne<\/strong><\/a> <\/p>\n\n\n\n<p>Jeudi 14 Mai 2026 Partie 2 >>> <strong><a href=\"https:\/\/www.helloasso.com\/associations\/association-de-sauvegarde-du-chateau\/evenements\/conference-yves-royer-voyages-et-voyageurs-au-moyen-age-partie-2\">R\u00e9servation en ligne<\/a><\/strong><\/p>\n<\/div><\/div>\n\n\n\n<h2 class=\"wp-block-heading\">Jeudi 22 Mai 2025 &gt;&gt;&gt;<strong>D\u00e9plac\u00e9 \u00e0 LA MAISON POUR TOUS de Castelnau de L\u00e9vis<\/strong> (\u00e0 c\u00f4t\u00e9 de la Mairie)<\/h2>\n\n\n\n<p><strong><em>Conf\u00e9rence \u00ab\u00a0Les Monast\u00e8res du Moyen-\u00e2ge\u00a0\u00bb<\/em><\/strong><\/p>\n\n\n\n<div class=\"wp-block-media-text is-stacked-on-mobile\"><figure class=\"wp-block-media-text__media\"><img loading=\"lazy\" decoding=\"async\" width=\"683\" height=\"1024\" src=\"https:\/\/sauvegarde-chateau-castelnaudelevis.fr\/wp-content\/uploads\/2025\/05\/Affiche-conference-monasteres-modif-lieu-683x1024.jpg\" alt=\"\" class=\"wp-image-783 size-full\" srcset=\"https:\/\/sauvegarde-chateau-castelnaudelevis.fr\/wp-content\/uploads\/2025\/05\/Affiche-conference-monasteres-modif-lieu-683x1024.jpg 683w, https:\/\/sauvegarde-chateau-castelnaudelevis.fr\/wp-content\/uploads\/2025\/05\/Affiche-conference-monasteres-modif-lieu-200x300.jpg 200w, https:\/\/sauvegarde-chateau-castelnaudelevis.fr\/wp-content\/uploads\/2025\/05\/Affiche-conference-monasteres-modif-lieu-768x1152.jpg 768w, https:\/\/sauvegarde-chateau-castelnaudelevis.fr\/wp-content\/uploads\/2025\/05\/Affiche-conference-monasteres-modif-lieu.jpg 1024w\" sizes=\"auto, (max-width: 683px) 100vw, 683px\" \/><\/figure><div class=\"wp-block-media-text__content\">\n<p>Intervenant fid\u00e8le de l&rsquo;association du ch\u00e2teau, <strong>Monsieur Yves Royer<\/strong>, bien connu et fort appr\u00e9ci\u00e9 dans l&rsquo;Albigeois, animera une conf\u00e9rence, le <strong>Jeudi 22 Mai 2025 \u00e0 18h30 dans la salle d&rsquo;armes<\/strong>. Professeur d\u2019Histoire-g\u00e9ographie et d\u2019Histoire des Arts, retrait\u00e9 de l\u2019Education Nationale et voyageur depuis toujours, il vous propose de partir cette ann\u00e9e \u00e0 la d\u00e9couverte d&rsquo;un sujet d&rsquo;histoire de l&rsquo;art : <strong>Les Monast\u00e8res du Moyen-\u00e2ge<\/strong>.<\/p>\n\n\n\n<p>\u00ab\u00a0Du XIe au XIIIe si\u00e8cles, l&rsquo;Europe se couvre d&rsquo;\u00e9glises et de monast\u00e8res. Des ordres se cr\u00e9ent, cisterciens, chartreux, fontevristes. Chaque communaut\u00e9 \u00e9difie un ensemble de b\u00e2timents dont beaucoup ornent toujours nos paysages, malgr\u00e9 les destructions des trois derniers si\u00e8cles. Des l\u00e9gendes noires ont \u00e9t\u00e9 greff\u00e9es sur ces communaut\u00e9s, qu&rsquo;il est bon de confronter aux travaux historiens.\u00a0\u00bb<\/p>\n<\/div><\/div>\n\n\n\n<p class=\"has-large-font-size\"><strong>&gt;<s>Salle d&rsquo;armes du ch\u00e2teau<\/s> D\u00e9plac\u00e9 \u00e0 LA MAISON POUR TOUS de Castelnau de L\u00e9vis \u00e0 18h30 TARIF UNIQUE : 5\u20ac<\/strong> Places limit\u00e9es &#8211; 100 personnes- <strong><em><a href=\"https:\/\/www.helloasso.com\/associations\/association-de-sauvegarde-du-chateau\/evenements\/conference-au-chateau\" target=\"_blank\" rel=\"noreferrer noopener\">R\u00e9servation<\/a> en ligne conseill\u00e9e<\/em><\/strong><\/p>\n\n\n\n<p><\/p>\n\n\n\n<h2 class=\"wp-block-heading\">Jeudi 23 Mai 2024<\/h2>\n\n\n\n<p><strong>Conf\u00e9rence \u00ab\u00a0Nos orients m\u00e9di\u00e9vaux\u00a0\u00bb<\/strong><\/p>\n\n\n\n<p>Intervenant fid\u00e8le de l&rsquo;association du ch\u00e2teau, <strong>Monsieur Yves Royer<\/strong>, bien connu et fort appr\u00e9ci\u00e9 dans l&rsquo;Albigeois,  animera une conf\u00e9rence, le <strong>Jeudi 23 Mai 2024 \u00e0 18h30 dans la salle d&rsquo;armes<\/strong>. Professeur d\u2019Histoire-g\u00e9ographie et d\u2019Histoire des Arts, retrait\u00e9 de l\u2019Education Nationale et voyageur depuis toujours,, il vous propose de partir cette ann\u00e9e \u00e0 la d\u00e9couverte de <strong>\u00ab\u00a0Nos orients m\u00e9di\u00e9vaux\u00a0\u00bb<\/strong>.<\/p>\n\n\n\n<div class=\"wp-block-media-text is-stacked-on-mobile\" style=\"grid-template-columns:40% auto\"><figure class=\"wp-block-media-text__media\"><img loading=\"lazy\" decoding=\"async\" width=\"768\" height=\"1024\" src=\"https:\/\/sauvegarde-chateau-castelnaudelevis.fr\/wp-content\/uploads\/2024\/03\/Orients-medievaux-768x1024.jpeg\" alt=\"\" class=\"wp-image-203 size-full\" srcset=\"https:\/\/sauvegarde-chateau-castelnaudelevis.fr\/wp-content\/uploads\/2024\/03\/Orients-medievaux-768x1024.jpeg 768w, https:\/\/sauvegarde-chateau-castelnaudelevis.fr\/wp-content\/uploads\/2024\/03\/Orients-medievaux-225x300.jpeg 225w, https:\/\/sauvegarde-chateau-castelnaudelevis.fr\/wp-content\/uploads\/2024\/03\/Orients-medievaux-1152x1536.jpeg 1152w, https:\/\/sauvegarde-chateau-castelnaudelevis.fr\/wp-content\/uploads\/2024\/03\/Orients-medievaux.jpeg 1200w\" sizes=\"auto, (max-width: 768px) 100vw, 768px\" \/><\/figure><div class=\"wp-block-media-text__content\">\n<p>Son travail est nourri par ses voyages v\u00e9cus en Arm\u00e9nie, G\u00e9orgie et Syrie. Il pr\u00e9sentera trois r\u00e9gions qui furent en liens \u00e9troits avec la France durant le Moyen-Age : l&rsquo;Arm\u00e9nie (alors plus \u00e9tendue qu&rsquo;aujourd&rsquo;hui), la G\u00e9orgie et \u00ab\u00a0l&rsquo;Orient\u00a0\u00bb, r\u00e9gion que nous appelons aujourd&rsquo;hui Syrie-Liban-Palestine-Isra\u00ebl. <\/p>\n\n\n\n<p>Cette conf\u00e9rence sera l&rsquo;occasion d&rsquo;\u00e9voquer quelques personnalit\u00e9s parmi lesquelles le \u00ab\u00a0Roi Tara\u00a0\u00bb (cf. illustration), qui est  en r\u00e9alit\u00e9 la plus grande reine de G\u00e9orgie, Raymond de Saint-Gilles ou encore Hassan ibn-al- Sabah, mais aussi des lieux tels que les ch\u00e2teaux du Crac, de Beaufort ou de Sahyun (Sa\u00f4ne), et les monast\u00e8res g\u00e9orgiens et arm\u00e9niens. (Ci-dessous monast\u00e8re arm\u00e9nien de Noravank)<\/p>\n\n\n\n<figure class=\"wp-block-image size-large\"><img loading=\"lazy\" decoding=\"async\" width=\"1024\" height=\"685\" src=\"https:\/\/sauvegarde-chateau-castelnaudelevis.fr\/wp-content\/uploads\/2024\/03\/Novarank-Monastere-Armenie-1024x685.jpg\" alt=\"\" class=\"wp-image-414\" srcset=\"https:\/\/sauvegarde-chateau-castelnaudelevis.fr\/wp-content\/uploads\/2024\/03\/Novarank-Monastere-Armenie-1024x685.jpg 1024w, https:\/\/sauvegarde-chateau-castelnaudelevis.fr\/wp-content\/uploads\/2024\/03\/Novarank-Monastere-Armenie-300x201.jpg 300w, https:\/\/sauvegarde-chateau-castelnaudelevis.fr\/wp-content\/uploads\/2024\/03\/Novarank-Monastere-Armenie-768x514.jpg 768w, https:\/\/sauvegarde-chateau-castelnaudelevis.fr\/wp-content\/uploads\/2024\/03\/Novarank-Monastere-Armenie-1536x1028.jpg 1536w, https:\/\/sauvegarde-chateau-castelnaudelevis.fr\/wp-content\/uploads\/2024\/03\/Novarank-Monastere-Armenie-2048x1371.jpg 2048w\" sizes=\"auto, (max-width: 1024px) 100vw, 1024px\" \/><\/figure>\n<\/div><\/div>\n\n\n\n<p><\/p>\n\n\n\n<p><\/p>\n","protected":false},"excerpt":{"rendered":"<p>CONFERENCE EN DEUX PARTIES les Jeudi 19 Mars et 14 Mai 2026 \u00e0 18h30 &gt;&gt;&gt;&gt; MAISON POUR TOUS de Castelnau de L\u00e9vis Jeudi 22 Mai 2025 &gt;&gt;&gt;D\u00e9plac\u00e9 \u00e0 LA MAISON POUR TOUS de Castelnau de L\u00e9vis (\u00e0 c\u00f4t\u00e9 de la Mairie) Conf\u00e9rence \u00ab\u00a0Les Monast\u00e8res du Moyen-\u00e2ge\u00a0\u00bb Intervenant fid\u00e8le de l&rsquo;association du ch\u00e2teau, Monsieur Yves Royer, [&hellip;]<\/p>\n","protected":false},"author":1,"featured_media":0,"parent":0,"menu_order":0,"comment_status":"closed","ping_status":"closed","template":"","meta":{"footnotes":""},"class_list":["post-78","page","type-page","status-publish","hentry"],"_links":{"self":[{"href":"https:\/\/sauvegarde-chateau-castelnaudelevis.fr\/index.php\/wp-json\/wp\/v2\/pages\/78","targetHints":{"allow":["GET"]}}],"collection":[{"href":"https:\/\/sauvegarde-chateau-castelnaudelevis.fr\/index.php\/wp-json\/wp\/v2\/pages"}],"about":[{"href":"https:\/\/sauvegarde-chateau-castelnaudelevis.fr\/index.php\/wp-json\/wp\/v2\/types\/page"}],"author":[{"embeddable":true,"href":"https:\/\/sauvegarde-chateau-castelnaudelevis.fr\/index.php\/wp-json\/wp\/v2\/users\/1"}],"replies":[{"embeddable":true,"href":"https:\/\/sauvegarde-chateau-castelnaudelevis.fr\/index.php\/wp-json\/wp\/v2\/comments?post=78"}],"version-history":[{"count":25,"href":"https:\/\/sauvegarde-chateau-castelnaudelevis.fr\/index.php\/wp-json\/wp\/v2\/pages\/78\/revisions"}],"predecessor-version":[{"id":926,"href":"https:\/\/sauvegarde-chateau-castelnaudelevis.fr\/index.php\/wp-json\/wp\/v2\/pages\/78\/revisions\/926"}],"wp:attachment":[{"href":"https:\/\/sauvegarde-chateau-castelnaudelevis.fr\/index.php\/wp-json\/wp\/v2\/media?parent=78"}],"curies":[{"name":"wp","href":"https:\/\/api.w.org\/{rel}","templated":true}]}}