{"id":798,"date":"2025-06-25T20:30:56","date_gmt":"2025-06-25T18:30:56","guid":{"rendered":"https:\/\/sauvegarde-chateau-castelnaudelevis.fr\/?page_id=798"},"modified":"2025-08-14T08:40:05","modified_gmt":"2025-08-14T06:40:05","slug":"visites-animees","status":"publish","type":"page","link":"https:\/\/sauvegarde-chateau-castelnaudelevis.fr\/index.php\/visites-animees\/","title":{"rendered":"VISITES ANIMEES"},"content":{"rendered":"\n<p class=\"has-text-align-center has-x-large-font-size\"><strong>Et\u00e9 2025 en exclusivit\u00e9<\/strong><\/p>\n\n\n\n<p>Visites th\u00e9\u00e2tralis\u00e9es anim\u00e9es par un guide costum\u00e9 qui vous r\u00e9v\u00e8lera les nombreux secrets de l&rsquo;histoire de&nbsp; Castelnau de L\u00e9vis et de son ch\u00e2teau. Au programme visite anim\u00e9e comment\u00e9e par un authentique seigneur de Moyen-\u00e2ge,  atelier de calligraphie et d\u00e9chiffrage de blasons pour petits et grands.<\/p>\n\n\n\n<p> <strong>La visite s&rsquo;ach\u00e8ve par l&rsquo;ascension de la tour de guet qui offre une vue \u00e0 360\u00b0 \u00e0 couper le souffle !!!<\/strong><\/p>\n\n\n\n<p>Apportez votre pique-nique et profitez en fin de visite, si vous le souhaitez, d&rsquo;un moment convivial dans ce cadre unique en partageant votre repas avec le seigneur et les autres participants dans la salle d&rsquo;armes du ch\u00e2teau comme \u00e0 l&rsquo;\u00e9poque des grands banquets.<\/p>\n\n\n\n<p>Pr\u00e9parez-vous pour un voyage immersif !<\/p>\n\n\n\n<p><\/p>\n\n\n\n<figure class=\"wp-block-image aligncenter size-full is-resized\"><img loading=\"lazy\" decoding=\"async\" width=\"873\" height=\"762\" src=\"https:\/\/sauvegarde-chateau-castelnaudelevis.fr\/wp-content\/uploads\/2025\/06\/Visite-animee.jpg\" alt=\"\" class=\"wp-image-809\" style=\"width:396px;height:auto\" srcset=\"https:\/\/sauvegarde-chateau-castelnaudelevis.fr\/wp-content\/uploads\/2025\/06\/Visite-animee.jpg 873w, https:\/\/sauvegarde-chateau-castelnaudelevis.fr\/wp-content\/uploads\/2025\/06\/Visite-animee-300x262.jpg 300w, https:\/\/sauvegarde-chateau-castelnaudelevis.fr\/wp-content\/uploads\/2025\/06\/Visite-animee-768x670.jpg 768w\" sizes=\"auto, (max-width: 873px) 100vw, 873px\" \/><\/figure>\n\n\n\n<p class=\"has-text-align-center has-large-font-size\">Les visites anim\u00e9es sont termin\u00e9es pour cette ann\u00e9e &#8230; , nous souhaitions remercier nos nombreux visiteurs qui ont particip\u00e9 \u00e0 faire de cette saison 2025 un grand succ\u00e8s !!!!<\/p>\n\n\n\n<p class=\"has-text-align-center has-large-font-size\">Merci \u00e0 vous tous petits et grands et \u00e0 tr\u00e8s vite au ch\u00e2teau <\/p>\n\n\n\n<p class=\"has-large-font-size\">Les visites ont lieu les :<strong>  <\/strong><\/p>\n\n\n\n<p class=\"has-large-font-size\"><strong>&#8211; mercredi 23 Juillet 2025 <strong>de 10h \u00e0 12h<\/strong> (derni\u00e8res places disponibles) <\/strong><\/p>\n\n\n\n<p class=\"has-large-font-size\">&#8211; <strong>mercredi 30 Juillet 2025 de 10h \u00e0 12h<\/strong><\/p>\n\n\n\n<p class=\"has-large-font-size\"><strong>&#8211; mercredi 6 Ao\u00fbt 2025<\/strong> <strong>de 10h \u00e0 12h<\/strong><\/p>\n\n\n\n<p class=\"has-large-font-size\"><strong>&#8211; mercredi 13 Ao\u00fbt 2025 de 10h \u00e0 12h<\/strong><\/p>\n\n\n\n<p class=\"has-large-font-size\"><em>&gt;&gt; Point de rendez-vous \u00e0 10h sur le parking du ch\u00e2teau, les visites commencent \u00e0 10h15 pr\u00e9cises<\/em><\/p>\n\n\n\n<p>Visites annul\u00e9es en cas d&rsquo;intemp\u00e9ries (pluie et\/ou vent violent)<\/p>\n\n\n\n<p class=\"has-medium-font-size\"><em>Tarifs : Adultes 7.50 \u20ac, Enfants 5\u20ac (gratuit pour les moins de 6 ans)<\/em><\/p>\n\n\n\n<p>R\u00e9servez vos places d\u00e8s \u00e0 pr\u00e9sent ! Nombre de place limit\u00e9, <strong><a href=\"https:\/\/www.helloasso.com\/associations\/association-de-sauvegarde-du-chateau\/evenements\/visite-theatralisee-du-chateau-de-castelnau-de-levis\">r\u00e9servation obligatoire<\/a><\/strong><\/p>\n","protected":false},"excerpt":{"rendered":"<p>Et\u00e9 2025 en exclusivit\u00e9 Visites th\u00e9\u00e2tralis\u00e9es anim\u00e9es par un guide costum\u00e9 qui vous r\u00e9v\u00e8lera les nombreux secrets de l&rsquo;histoire de&nbsp; Castelnau de L\u00e9vis et de son ch\u00e2teau. Au programme visite anim\u00e9e comment\u00e9e par un authentique seigneur de Moyen-\u00e2ge, atelier de calligraphie et d\u00e9chiffrage de blasons pour petits et grands. La visite s&rsquo;ach\u00e8ve par l&rsquo;ascension de [&hellip;]<\/p>\n","protected":false},"author":1,"featured_media":0,"parent":0,"menu_order":0,"comment_status":"closed","ping_status":"closed","template":"","meta":{"footnotes":""},"class_list":["post-798","page","type-page","status-publish","hentry"],"_links":{"self":[{"href":"https:\/\/sauvegarde-chateau-castelnaudelevis.fr\/index.php\/wp-json\/wp\/v2\/pages\/798","targetHints":{"allow":["GET"]}}],"collection":[{"href":"https:\/\/sauvegarde-chateau-castelnaudelevis.fr\/index.php\/wp-json\/wp\/v2\/pages"}],"about":[{"href":"https:\/\/sauvegarde-chateau-castelnaudelevis.fr\/index.php\/wp-json\/wp\/v2\/types\/page"}],"author":[{"embeddable":true,"href":"https:\/\/sauvegarde-chateau-castelnaudelevis.fr\/index.php\/wp-json\/wp\/v2\/users\/1"}],"replies":[{"embeddable":true,"href":"https:\/\/sauvegarde-chateau-castelnaudelevis.fr\/index.php\/wp-json\/wp\/v2\/comments?post=798"}],"version-history":[{"count":16,"href":"https:\/\/sauvegarde-chateau-castelnaudelevis.fr\/index.php\/wp-json\/wp\/v2\/pages\/798\/revisions"}],"predecessor-version":[{"id":849,"href":"https:\/\/sauvegarde-chateau-castelnaudelevis.fr\/index.php\/wp-json\/wp\/v2\/pages\/798\/revisions\/849"}],"wp:attachment":[{"href":"https:\/\/sauvegarde-chateau-castelnaudelevis.fr\/index.php\/wp-json\/wp\/v2\/media?parent=798"}],"curies":[{"name":"wp","href":"https:\/\/api.w.org\/{rel}","templated":true}]}}