{"id":8,"date":"2024-03-01T19:27:55","date_gmt":"2024-03-01T18:27:55","guid":{"rendered":"https:\/\/sauvegarde-chateau-castelnaudelevis.fr\/index.php\/home\/"},"modified":"2026-02-25T07:41:44","modified_gmt":"2026-02-25T06:41:44","slug":"home","status":"publish","type":"page","link":"https:\/\/sauvegarde-chateau-castelnaudelevis.fr\/","title":{"rendered":"Bienvenue"},"content":{"rendered":"\n<p class=\"has-text-align-center has-x-large-font-size\"><strong>NOS PROCHAINS RENDEZ-VOUS<\/strong><\/p>\n\n\n\n<p>Conf\u00e9rences de Monsieur Yves Royer \u00e0 <strong>La maison pour tous<\/strong> de Castelnau de L\u00e9vis les <strong>jeudi 19 Mars 2026 et jeudi 14 Mai 2026 \u00e0 18h30.<\/strong> Une conf\u00e9rence en deux parties consacr\u00e9e au th\u00e8me des :<strong> \u00ab\u00a0Voyages et voyageurs au Moyen-\u00e2ge\u00a0\u00bb<\/strong>. Monsieur Royer nous fera d\u00e9couvrir les types de voyageurs, leurs destinations et leur moyens de transport.<\/p>\n\n\n\n<figure class=\"wp-block-image aligncenter size-large is-resized\"><img loading=\"lazy\" decoding=\"async\" width=\"683\" height=\"1024\" src=\"https:\/\/sauvegarde-chateau-castelnaudelevis.fr\/wp-content\/uploads\/2026\/02\/Conferences-Yves-Royer-2026-tarif-logo-2-683x1024.jpg\" alt=\"\" class=\"wp-image-925\" style=\"width:564px;height:auto\" srcset=\"https:\/\/sauvegarde-chateau-castelnaudelevis.fr\/wp-content\/uploads\/2026\/02\/Conferences-Yves-Royer-2026-tarif-logo-2-683x1024.jpg 683w, https:\/\/sauvegarde-chateau-castelnaudelevis.fr\/wp-content\/uploads\/2026\/02\/Conferences-Yves-Royer-2026-tarif-logo-2-200x300.jpg 200w, https:\/\/sauvegarde-chateau-castelnaudelevis.fr\/wp-content\/uploads\/2026\/02\/Conferences-Yves-Royer-2026-tarif-logo-2-768x1152.jpg 768w, https:\/\/sauvegarde-chateau-castelnaudelevis.fr\/wp-content\/uploads\/2026\/02\/Conferences-Yves-Royer-2026-tarif-logo-2.jpg 1024w\" sizes=\"auto, (max-width: 683px) 100vw, 683px\" \/><\/figure>\n\n\n\n<p class=\"has-text-align-center has-xx-large-font-size\"><strong>EXCELLENTE ANNEE 2026 A TOUS !!!<\/strong><\/p>\n\n\n\n<p class=\"has-text-align-center has-large-font-size\"><\/p>\n\n\n\n<figure class=\"wp-block-image aligncenter size-full is-resized\"><img loading=\"lazy\" decoding=\"async\" width=\"2560\" height=\"1437\" src=\"https:\/\/sauvegarde-chateau-castelnaudelevis.fr\/wp-content\/uploads\/2025\/11\/2026-scaled.jpg\" alt=\"\" class=\"wp-image-903\" style=\"width:716px;height:auto\" srcset=\"https:\/\/sauvegarde-chateau-castelnaudelevis.fr\/wp-content\/uploads\/2025\/11\/2026-scaled.jpg 2560w, https:\/\/sauvegarde-chateau-castelnaudelevis.fr\/wp-content\/uploads\/2025\/11\/2026-300x168.jpg 300w, https:\/\/sauvegarde-chateau-castelnaudelevis.fr\/wp-content\/uploads\/2025\/11\/2026-1024x575.jpg 1024w, https:\/\/sauvegarde-chateau-castelnaudelevis.fr\/wp-content\/uploads\/2025\/11\/2026-768x431.jpg 768w, https:\/\/sauvegarde-chateau-castelnaudelevis.fr\/wp-content\/uploads\/2025\/11\/2026-1536x862.jpg 1536w, https:\/\/sauvegarde-chateau-castelnaudelevis.fr\/wp-content\/uploads\/2025\/11\/2026-2048x1150.jpg 2048w\" sizes=\"auto, (max-width: 2560px) 100vw, 2560px\" \/><\/figure>\n\n\n\n<p class=\"has-text-align-center has-large-font-size\"><strong>LA SAISON 2026 EST LANCEE<\/strong><\/p>\n\n\n\n<p class=\"has-medium-font-size\"><strong><em>A noter sur vos agendas pour 2026&nbsp;:<\/em><\/strong> notre sortie annuelle qui aura lieu au printemps direction le ch\u00e2teau de Foix. La journ\u00e9e de nettoyage fix\u00e9e au samedi 13 juin, conf\u00e9rences d\u2019Yves Royer \u00e0 la Maison pour tous (jeudi 19 Mars 2026 \u00e0 18h30 et jeudi 14 Mai 2026 \u00e0 18h30), Musicales au ch\u00e2teau (courant de l\u2019\u00e9t\u00e9), les journ\u00e9es du patrimoine le week-end du 19 et 20 septembre. Nous travaillons actuellement sur la suite de la programmation.<\/p>\n\n\n\n<p class=\"has-medium-font-size\">L\u2019entretien r\u00e9gulier de la tour et du site occupent bien notre \u00e9quipe de b\u00e9n\u00e9voles. Cette ann\u00e9e ils ont implant\u00e9s un panneau d\u2019information au pied de la tour, construit un troisi\u00e8me banc sur l\u2019esplanade, s\u00e9curis\u00e9 un des paliers de la tour en posant une main courante, r\u00e9alis\u00e9 une grille pour fermer le haut de la tour et emp\u00eacher les oiseaux d\u2019y p\u00e9n\u00e9trer. Ils seraient ravis d\u2019accueillir de nouveaux volontaires pour ces chantiers.<\/p>\n\n\n\n<p class=\"has-medium-font-size\">Si vous le souhaitez, venez rejoindre l\u2019association en adh\u00e9rant ou en devenant b\u00e9n\u00e9vole afin de participer \u00e0 la mise en valeur du ch\u00e2teau et \u00e0 sa pr\u00e9servation ! <\/p>\n\n\n\n<p><\/p>\n\n\n\n<p><\/p>\n\n\n\n<p class=\"has-medium-font-size\"><strong><em>2025 s\u2019ach\u00e8ve d\u00e9j\u00e0 &#8230; <\/em><\/strong>et vous avez \u00e9t\u00e9 nombreux \u00e0 soutenir l\u2019association et \u00e0 participer aux diff\u00e9rentes animations et nous vous en remercions chaleureusement ! Cette saison&nbsp; a \u00e9t\u00e9 riche en \u00e9v\u00e8nements au ch\u00e2teau : le voyage annuel destination Nages, cin\u00e9ma, conf\u00e9rence, th\u00e9\u00e2tre occitan, concert de La Fanfare de guitares dans le cadres des Musicales au ch\u00e2teau, exposition photographique, animation des journ\u00e9es du patrimoine, Citrouillade d\u2019Halloween. Un programme vari\u00e9 pour votre plus grand plaisir&nbsp;! <strong><em>L\u2019\u00e9quipe travaille d\u00e9j\u00e0 sur la saison 2026.<\/em><\/strong><\/p>\n\n\n\n<p><\/p>\n\n\n\n<p class=\"has-text-align-center has-large-font-size\"><\/p>\n\n\n\n<p class=\"has-medium-font-size\"><\/p>\n\n\n\n<figure class=\"wp-block-image aligncenter size-large is-resized\"><img loading=\"lazy\" decoding=\"async\" width=\"1024\" height=\"575\" src=\"https:\/\/sauvegarde-chateau-castelnaudelevis.fr\/wp-content\/uploads\/2024\/12\/Voeux-2025-1024x575.jpg\" alt=\"\" class=\"wp-image-641\" style=\"width:470px;height:auto\" srcset=\"https:\/\/sauvegarde-chateau-castelnaudelevis.fr\/wp-content\/uploads\/2024\/12\/Voeux-2025-1024x575.jpg 1024w, https:\/\/sauvegarde-chateau-castelnaudelevis.fr\/wp-content\/uploads\/2024\/12\/Voeux-2025-300x168.jpg 300w, https:\/\/sauvegarde-chateau-castelnaudelevis.fr\/wp-content\/uploads\/2024\/12\/Voeux-2025-768x431.jpg 768w, https:\/\/sauvegarde-chateau-castelnaudelevis.fr\/wp-content\/uploads\/2024\/12\/Voeux-2025-1536x862.jpg 1536w, https:\/\/sauvegarde-chateau-castelnaudelevis.fr\/wp-content\/uploads\/2024\/12\/Voeux-2025-2048x1150.jpg 2048w\" sizes=\"auto, (max-width: 1024px) 100vw, 1024px\" \/><\/figure>\n\n\n\n<p><\/p>\n\n\n\n<p>La saison 2024 a \u00e9t\u00e9 riche en \u00e9v\u00e8nements au ch\u00e2teau, au programme&nbsp;: le voyage annuel destination Carcassonne, trois concerts dans le cadres des Musicales au ch\u00e2teau, th\u00e9\u00e2tre, cin\u00e9ma, conf\u00e9rence et animation des journ\u00e9es du patrimoine. Un programme charg\u00e9 et vari\u00e9 pour votre plus grand plaisir&nbsp;!<\/p>\n\n\n\n<p class=\"has-text-align-center\"><strong>L\u2019<a href=\"https:\/\/sauvegarde-chateau-castelnaudelevis.fr\/index.php\/lassociation2\/\" data-type=\"page\" data-id=\"156\">Association de Sauvegarde du Ch\u00e2teau<\/a>  a f\u00eat\u00e9 ses 30 ans en 2023 !<\/strong><\/p>\n\n\n\n<p>30 ans d\u00e9j\u00e0 que des g\u00e9n\u00e9rations de b\u00e9n\u00e9voles \u0153uvrent afin de faire rayonner notre beau <a href=\"https:\/\/sauvegarde-chateau-castelnaudelevis.fr\/index.php\/page-d-exemple\/\" data-type=\"page\" data-id=\"2\"><strong>ch\u00e2teau<\/strong><\/a>. Les premi\u00e8res ann\u00e9es qui ont \u00e9t\u00e9 consacr\u00e9es \u00e0 la consolidation, la pr\u00e9servation et l\u2019embellissement du site, nous permettent \u00e0 pr\u00e9sent de vous accueillir dans un bel \u00e9crin de pierres.<\/p>\n\n\n\n<p>Nous attachons une volont\u00e9 particuli\u00e8re \u00e0 vous proposer une programmation riche et vari\u00e9e tout au long de l\u2019ann\u00e9e. Nous esp\u00e9rons que cette <strong><a href=\"https:\/\/sauvegarde-chateau-castelnaudelevis.fr\/index.php\/animations-culturelles\/\" data-type=\"page\" data-id=\"72\">nouvelle \u00e9dition<\/a><\/strong> vous donne l\u2019envie d\u2019y participer !<\/p>\n\n\n\n<p>Tout ceci ne serait \u00e9videmment pas possible sans le soutien de nos fid\u00e8les <strong><a href=\"https:\/\/sauvegarde-chateau-castelnaudelevis.fr\/index.php\/sponsors\/\" data-type=\"page\" data-id=\"103\">partenaires et annonceurs<\/a><\/strong> que nous tenons \u00e0 remercier chaleureusement.<\/p>\n\n\n\n<p>Nous esp\u00e9rons que cette saison 2025 vous plaira autant que nous prenons plaisir \u00e0 la pr\u00e9parer !<\/p>\n\n\n\n<p>\u00c0 tr\u00e8s vite au ch\u00e2teau,<\/p>\n\n\n\n<p class=\"has-text-align-right has-small-font-size\"><em><strong>Marion BORTHELLE<\/strong><\/em><\/p>\n\n\n\n<p class=\"has-text-align-right has-small-font-size\"><em><strong>Pr\u00e9sidente de l\u2019Association<\/strong><\/em><\/p>\n","protected":false},"excerpt":{"rendered":"<p>NOS PROCHAINS RENDEZ-VOUS Conf\u00e9rences de Monsieur Yves Royer \u00e0 La maison pour tous de Castelnau de L\u00e9vis les jeudi 19 Mars 2026 et jeudi 14 Mai 2026 \u00e0 18h30. Une conf\u00e9rence en deux parties consacr\u00e9e au th\u00e8me des : \u00ab\u00a0Voyages et voyageurs au Moyen-\u00e2ge\u00a0\u00bb. Monsieur Royer nous fera d\u00e9couvrir les types de voyageurs, leurs destinations [&hellip;]<\/p>\n","protected":false},"author":1,"featured_media":0,"parent":0,"menu_order":0,"comment_status":"closed","ping_status":"closed","template":"templates\/template-homepage.php","meta":{"footnotes":""},"class_list":["post-8","page","type-page","status-publish","hentry"],"_links":{"self":[{"href":"https:\/\/sauvegarde-chateau-castelnaudelevis.fr\/index.php\/wp-json\/wp\/v2\/pages\/8","targetHints":{"allow":["GET"]}}],"collection":[{"href":"https:\/\/sauvegarde-chateau-castelnaudelevis.fr\/index.php\/wp-json\/wp\/v2\/pages"}],"about":[{"href":"https:\/\/sauvegarde-chateau-castelnaudelevis.fr\/index.php\/wp-json\/wp\/v2\/types\/page"}],"author":[{"embeddable":true,"href":"https:\/\/sauvegarde-chateau-castelnaudelevis.fr\/index.php\/wp-json\/wp\/v2\/users\/1"}],"replies":[{"embeddable":true,"href":"https:\/\/sauvegarde-chateau-castelnaudelevis.fr\/index.php\/wp-json\/wp\/v2\/comments?post=8"}],"version-history":[{"count":63,"href":"https:\/\/sauvegarde-chateau-castelnaudelevis.fr\/index.php\/wp-json\/wp\/v2\/pages\/8\/revisions"}],"predecessor-version":[{"id":927,"href":"https:\/\/sauvegarde-chateau-castelnaudelevis.fr\/index.php\/wp-json\/wp\/v2\/pages\/8\/revisions\/927"}],"wp:attachment":[{"href":"https:\/\/sauvegarde-chateau-castelnaudelevis.fr\/index.php\/wp-json\/wp\/v2\/media?parent=8"}],"curies":[{"name":"wp","href":"https:\/\/api.w.org\/{rel}","templated":true}]}}