{"id":83,"date":"2024-03-02T17:47:32","date_gmt":"2024-03-02T16:47:32","guid":{"rendered":"https:\/\/sauvegarde-chateau-castelnaudelevis.fr\/?page_id=83"},"modified":"2024-03-03T18:55:40","modified_gmt":"2024-03-03T17:55:40","slug":"medias","status":"publish","type":"page","link":"https:\/\/sauvegarde-chateau-castelnaudelevis.fr\/index.php\/medias\/","title":{"rendered":"M\u00e9dias"},"content":{"rendered":"\n<h2 class=\"wp-block-heading\">Le Myst\u00e9rieux Monolithe<\/h2>\n\n\n\n<div class=\"wp-block-media-text is-stacked-on-mobile\"><figure class=\"wp-block-media-text__media\"><img loading=\"lazy\" decoding=\"async\" width=\"1024\" height=\"683\" src=\"https:\/\/sauvegarde-chateau-castelnaudelevis.fr\/wp-content\/uploads\/2024\/03\/IMG_5424-1024x683.jpg\" alt=\"\" class=\"wp-image-220 size-full\" srcset=\"https:\/\/sauvegarde-chateau-castelnaudelevis.fr\/wp-content\/uploads\/2024\/03\/IMG_5424-1024x683.jpg 1024w, https:\/\/sauvegarde-chateau-castelnaudelevis.fr\/wp-content\/uploads\/2024\/03\/IMG_5424-300x200.jpg 300w, https:\/\/sauvegarde-chateau-castelnaudelevis.fr\/wp-content\/uploads\/2024\/03\/IMG_5424-768x512.jpg 768w, https:\/\/sauvegarde-chateau-castelnaudelevis.fr\/wp-content\/uploads\/2024\/03\/IMG_5424-1536x1024.jpg 1536w, https:\/\/sauvegarde-chateau-castelnaudelevis.fr\/wp-content\/uploads\/2024\/03\/IMG_5424-2048x1365.jpg 2048w\" sizes=\"auto, (max-width: 1024px) 100vw, 1024px\" \/><\/figure><div class=\"wp-block-media-text__content\">\n<p>Le <strong>19 d\u00e9cembre 2021<\/strong>, un myst\u00e9rieux monolithe de m\u00e9tal fait son apparition au pied de la tour de Castelnau de L\u00e9vis sur l&rsquo;esplanade du ch\u00e2teau. Photos Marion BORTHELLE tous droits r\u00e9serv\u00e9s \u00a9<\/p>\n<\/div><\/div>\n\n\n\n<div class=\"wp-block-media-text is-stacked-on-mobile\" style=\"grid-template-columns:37% auto\"><figure class=\"wp-block-media-text__media\"><img loading=\"lazy\" decoding=\"async\" width=\"683\" height=\"1024\" src=\"https:\/\/sauvegarde-chateau-castelnaudelevis.fr\/wp-content\/uploads\/2024\/03\/IMG_5427-683x1024.jpg\" alt=\"\" class=\"wp-image-221 size-full\" srcset=\"https:\/\/sauvegarde-chateau-castelnaudelevis.fr\/wp-content\/uploads\/2024\/03\/IMG_5427-683x1024.jpg 683w, https:\/\/sauvegarde-chateau-castelnaudelevis.fr\/wp-content\/uploads\/2024\/03\/IMG_5427-200x300.jpg 200w, https:\/\/sauvegarde-chateau-castelnaudelevis.fr\/wp-content\/uploads\/2024\/03\/IMG_5427-768x1152.jpg 768w, https:\/\/sauvegarde-chateau-castelnaudelevis.fr\/wp-content\/uploads\/2024\/03\/IMG_5427-1024x1536.jpg 1024w, https:\/\/sauvegarde-chateau-castelnaudelevis.fr\/wp-content\/uploads\/2024\/03\/IMG_5427-1365x2048.jpg 1365w, https:\/\/sauvegarde-chateau-castelnaudelevis.fr\/wp-content\/uploads\/2024\/03\/IMG_5427-scaled.jpg 1707w\" sizes=\"auto, (max-width: 683px) 100vw, 683px\" \/><\/figure><div class=\"wp-block-media-text__content\">\n<figure class=\"wp-block-embed is-type-video is-provider-youtube wp-block-embed-youtube wp-embed-aspect-16-9 wp-has-aspect-ratio\"><div class=\"wp-block-embed__wrapper\">\n<iframe loading=\"lazy\" title=\"MONOLITHE MYST\u00c9RIEUX DE CASTELNAU-DE-L\u00c9VIS (TARN) - PortionSlice3 &quot;Espoir&quot;\" width=\"500\" height=\"281\" src=\"https:\/\/www.youtube.com\/embed\/e9COergmSt4?feature=oembed\" frameborder=\"0\" allow=\"accelerometer; autoplay; clipboard-write; encrypted-media; gyroscope; picture-in-picture; web-share\" referrerpolicy=\"strict-origin-when-cross-origin\" allowfullscreen><\/iframe>\n<\/div><figcaption class=\"wp-element-caption\">L&rsquo;instant a \u00e9t\u00e9 capt\u00e9 au lever du soleil par l&rsquo;\u00e9quipe de Bon Sens Production (Fran\u00e7ois SERS). Dont vous pouvez suivre le travail ici : <a href=\"https:\/\/www.bonsensproduction.com\/\" target=\"_blank\" rel=\"noreferrer noopener\">Accueil | BON SENS PRODUCTION<\/a><\/figcaption><\/figure>\n\n\n\n<p>Ainsi que sur leur cha\u00eene <a href=\"https:\/\/www.youtube.com\/@bonsensproduction\" target=\"_blank\" rel=\"noreferrer noopener\">YouTube<\/a> <\/p>\n<\/div><\/div>\n\n\n\n<h2 class=\"wp-block-heading\">Reportage France 3<\/h2>\n\n\n\n<div class=\"wp-block-media-text is-stacked-on-mobile\"><figure class=\"wp-block-media-text__media\"><video controls src=\"https:\/\/sauvegarde-chateau-castelnaudelevis.fr\/wp-content\/uploads\/2024\/03\/Tarn-a-la-decouverte-du-chateau-de-Castelnau-de-Levis.mp4\"><\/video><\/figure><div class=\"wp-block-media-text__content\">\n<p>Reportage France 3 de 2016 sur l&rsquo;Association de Sauvegarde du ch\u00e2teau. Interview de Fran\u00e7oise PROUST, pr\u00e9sidente de l&rsquo;association de 2010 \u00e0 2023.<\/p>\n<\/div><\/div>\n\n\n\n<h2 class=\"wp-block-heading\">Elizabeth II au chateau<\/h2>\n\n\n\n<div class=\"wp-block-media-text is-stacked-on-mobile\"><figure class=\"wp-block-media-text__media\"><img loading=\"lazy\" decoding=\"async\" width=\"1024\" height=\"768\" src=\"https:\/\/sauvegarde-chateau-castelnaudelevis.fr\/wp-content\/uploads\/2024\/03\/IMG_0665-1024x768.jpg\" alt=\"\" class=\"wp-image-230 size-full\" srcset=\"https:\/\/sauvegarde-chateau-castelnaudelevis.fr\/wp-content\/uploads\/2024\/03\/IMG_0665-1024x768.jpg 1024w, https:\/\/sauvegarde-chateau-castelnaudelevis.fr\/wp-content\/uploads\/2024\/03\/IMG_0665-300x225.jpg 300w, https:\/\/sauvegarde-chateau-castelnaudelevis.fr\/wp-content\/uploads\/2024\/03\/IMG_0665-768x576.jpg 768w, https:\/\/sauvegarde-chateau-castelnaudelevis.fr\/wp-content\/uploads\/2024\/03\/IMG_0665-1536x1152.jpg 1536w, https:\/\/sauvegarde-chateau-castelnaudelevis.fr\/wp-content\/uploads\/2024\/03\/IMG_0665-2048x1536.jpg 2048w\" sizes=\"auto, (max-width: 1024px) 100vw, 1024px\" \/><\/figure><div class=\"wp-block-media-text__content\">\n<p>En 1992, la Reine Elizabeth II d&rsquo;Angleterre  visite Castelnau de L\u00e9vis et accompagn\u00e9e de Pierre Valax alors Maire de la commune, elle signe le livre d&rsquo;or au pied du ch\u00e2teau.<\/p>\n<\/div><\/div>\n\n\n\n<h2 class=\"wp-block-heading\">La Tour vue du ciel<\/h2>\n\n\n\n\n\n\n\n<p class=\"has-text-align-center has-small-font-size\"><strong>(Faites d\u00e9filer le diaporama avec les fl\u00e8ches ou en glissant sur les images)<\/strong><\/p>\n\n\n\n<h2 class=\"wp-block-heading\">Le ch\u00e2teau en noir &amp; blanc<\/h2>\n\n\n\n\n\n\n\n<p class=\"has-text-align-center has-small-font-size\"><strong>(Faites d\u00e9filer le diaporama avec les fl\u00e8ches ou en glissant sur les images)<\/strong><\/p>\n","protected":false},"excerpt":{"rendered":"<p>Le Myst\u00e9rieux Monolithe Le 19 d\u00e9cembre 2021, un myst\u00e9rieux monolithe de m\u00e9tal fait son apparition au pied de la tour de Castelnau de L\u00e9vis sur l&rsquo;esplanade du ch\u00e2teau. Photos Marion BORTHELLE tous droits r\u00e9serv\u00e9s \u00a9 Reportage France 3 Reportage France 3 de 2016 sur l&rsquo;Association de Sauvegarde du ch\u00e2teau. Interview de Fran\u00e7oise PROUST, pr\u00e9sidente de [&hellip;]<\/p>\n","protected":false},"author":1,"featured_media":0,"parent":0,"menu_order":0,"comment_status":"closed","ping_status":"closed","template":"","meta":{"footnotes":""},"class_list":["post-83","page","type-page","status-publish","hentry"],"_links":{"self":[{"href":"https:\/\/sauvegarde-chateau-castelnaudelevis.fr\/index.php\/wp-json\/wp\/v2\/pages\/83","targetHints":{"allow":["GET"]}}],"collection":[{"href":"https:\/\/sauvegarde-chateau-castelnaudelevis.fr\/index.php\/wp-json\/wp\/v2\/pages"}],"about":[{"href":"https:\/\/sauvegarde-chateau-castelnaudelevis.fr\/index.php\/wp-json\/wp\/v2\/types\/page"}],"author":[{"embeddable":true,"href":"https:\/\/sauvegarde-chateau-castelnaudelevis.fr\/index.php\/wp-json\/wp\/v2\/users\/1"}],"replies":[{"embeddable":true,"href":"https:\/\/sauvegarde-chateau-castelnaudelevis.fr\/index.php\/wp-json\/wp\/v2\/comments?post=83"}],"version-history":[{"count":12,"href":"https:\/\/sauvegarde-chateau-castelnaudelevis.fr\/index.php\/wp-json\/wp\/v2\/pages\/83\/revisions"}],"predecessor-version":[{"id":280,"href":"https:\/\/sauvegarde-chateau-castelnaudelevis.fr\/index.php\/wp-json\/wp\/v2\/pages\/83\/revisions\/280"}],"wp:attachment":[{"href":"https:\/\/sauvegarde-chateau-castelnaudelevis.fr\/index.php\/wp-json\/wp\/v2\/media?parent=83"}],"curies":[{"name":"wp","href":"https:\/\/api.w.org\/{rel}","templated":true}]}}