{"id":851,"date":"2025-08-14T08:46:02","date_gmt":"2025-08-14T06:46:02","guid":{"rendered":"https:\/\/sauvegarde-chateau-castelnaudelevis.fr\/?page_id=851"},"modified":"2025-10-03T04:55:24","modified_gmt":"2025-10-03T02:55:24","slug":"exposition-photographique","status":"publish","type":"page","link":"https:\/\/sauvegarde-chateau-castelnaudelevis.fr\/index.php\/exposition-photographique\/","title":{"rendered":"EXPOSITION PHOTOGRAPHIQUE"},"content":{"rendered":"\n<div class=\"wp-block-media-text is-stacked-on-mobile\"><figure class=\"wp-block-media-text__media\"><a href=\"https:\/\/sauvegarde-chateau-castelnaudelevis.fr\/index.php\/journees-du-patrimoine\/\"><img loading=\"lazy\" decoding=\"async\" width=\"724\" height=\"1024\" src=\"https:\/\/sauvegarde-chateau-castelnaudelevis.fr\/wp-content\/uploads\/2025\/08\/Affiche-expo-photo-724x1024.jpg\" alt=\"\" class=\"wp-image-845 size-full\" srcset=\"https:\/\/sauvegarde-chateau-castelnaudelevis.fr\/wp-content\/uploads\/2025\/08\/Affiche-expo-photo-724x1024.jpg 724w, https:\/\/sauvegarde-chateau-castelnaudelevis.fr\/wp-content\/uploads\/2025\/08\/Affiche-expo-photo-212x300.jpg 212w, https:\/\/sauvegarde-chateau-castelnaudelevis.fr\/wp-content\/uploads\/2025\/08\/Affiche-expo-photo-768x1086.jpg 768w, https:\/\/sauvegarde-chateau-castelnaudelevis.fr\/wp-content\/uploads\/2025\/08\/Affiche-expo-photo-1086x1536.jpg 1086w, https:\/\/sauvegarde-chateau-castelnaudelevis.fr\/wp-content\/uploads\/2025\/08\/Affiche-expo-photo-1448x2048.jpg 1448w, https:\/\/sauvegarde-chateau-castelnaudelevis.fr\/wp-content\/uploads\/2025\/08\/Affiche-expo-photo-scaled.jpg 1810w\" sizes=\"auto, (max-width: 724px) 100vw, 724px\" \/><\/a><\/figure><div class=\"wp-block-media-text__content\">\n<h1 class=\"wp-block-heading has-text-align-center\">Septembre 2025<\/h1>\n\n\n\n<p class=\"has-text-align-center has-medium-font-size\"><strong>EXPOSITION PHOTOGRAPHIQUE<\/strong><\/p>\n\n\n\n<p><\/p>\n\n\n\n<p>L&rsquo;exposition photographique a pris fin avec les Journ\u00e9es du patrimoine le 21 septembre dernier. Vous avez \u00e9t\u00e9 nombreux \u00e0 visiter l&rsquo;exposition nous avons accueilli pas moins de 400 visiteurs. Vos retours ont \u00e9t\u00e9 tr\u00e8s positifs !<\/p>\n\n\n\n<p><strong><em>Un grand merci \u00e0 Eric GOSSELIN pour sa confiance dans l&rsquo;organisation de cette exposition.<\/em><\/strong><\/p>\n\n\n\n<p class=\"has-medium-font-size\"><strong>RESULTAT TOMBOLA :<\/strong> <em>Madame LIRET D. <\/em>d&rsquo;Albi (<strong>ticket num\u00e9ro 182<\/strong> ) est la grande gagnante de la tombola dont le tirage au sort a eu lieu le 21 septembre 2025 \u00e0 18h.<\/p>\n\n\n\n<p>Merci \u00e0 tous les participants !<\/p>\n\n\n\n<p>&#8212;&#8212;&#8212;&#8212;&#8212;&#8212;&#8212;&#8212;&#8212;&#8212;&#8212;&#8212;&#8212;&#8212;&#8212;&#8212;&#8212;&#8212;&#8212;&#8212;&#8211;<\/p>\n\n\n\n<p><strong>Exposition les week-ends de septembre les samedis et dimanches du 6 au 21 septembre 2025 de 14h \u00e0 18h<\/strong>&nbsp;<strong>dans la salle d\u2019Armes du ch\u00e2teau<\/strong>&nbsp;(Journ\u00e9es continues les 20 &amp; 21 septembre, Entr\u00e9e libre)<\/p>\n\n\n\n<p>&gt;&gt;&nbsp;<em>Vernissage de l\u2019exposition en pr\u00e9sence du photographe le samedi 6 septembre \u00e0 18h30<\/em>&nbsp;(Entr\u00e9e libre)<\/p>\n\n\n\n<p>Merci \u00e0 Eva GERAUD Vice Pr\u00e9sidente en charge de la citoyennet\u00e9 \u00e0 D\u00e9partement du Tarn et Marie-Th\u00e9r\u00e8se LACOMBE Adjointe au Maire de Castelnau de L\u00e9vis pour leur pr\u00e9sence lors du vernissage de l&rsquo;exposition<\/p>\n\n\n\n<figure class=\"wp-block-gallery has-nested-images columns-default is-cropped wp-block-gallery-1 is-layout-flex wp-block-gallery-is-layout-flex\">\n<figure class=\"wp-block-image size-large\"><img loading=\"lazy\" decoding=\"async\" width=\"1024\" height=\"768\" data-id=\"863\" src=\"https:\/\/sauvegarde-chateau-castelnaudelevis.fr\/wp-content\/uploads\/2025\/10\/att.qmCP4E7OOMc8xKzHhPFYrqJFuccqPHGLg9PC72uh3Ag1-1024x768.jpg\" alt=\"\" class=\"wp-image-863\" srcset=\"https:\/\/sauvegarde-chateau-castelnaudelevis.fr\/wp-content\/uploads\/2025\/10\/att.qmCP4E7OOMc8xKzHhPFYrqJFuccqPHGLg9PC72uh3Ag1-1024x768.jpg 1024w, https:\/\/sauvegarde-chateau-castelnaudelevis.fr\/wp-content\/uploads\/2025\/10\/att.qmCP4E7OOMc8xKzHhPFYrqJFuccqPHGLg9PC72uh3Ag1-300x225.jpg 300w, https:\/\/sauvegarde-chateau-castelnaudelevis.fr\/wp-content\/uploads\/2025\/10\/att.qmCP4E7OOMc8xKzHhPFYrqJFuccqPHGLg9PC72uh3Ag1-768x576.jpg 768w, https:\/\/sauvegarde-chateau-castelnaudelevis.fr\/wp-content\/uploads\/2025\/10\/att.qmCP4E7OOMc8xKzHhPFYrqJFuccqPHGLg9PC72uh3Ag1-1536x1152.jpg 1536w, https:\/\/sauvegarde-chateau-castelnaudelevis.fr\/wp-content\/uploads\/2025\/10\/att.qmCP4E7OOMc8xKzHhPFYrqJFuccqPHGLg9PC72uh3Ag1.jpg 2048w\" sizes=\"auto, (max-width: 1024px) 100vw, 1024px\" \/><\/figure>\n<\/figure>\n\n\n\n<p><\/p>\n<\/div><\/div>\n\n\n\n<figure class=\"wp-block-image size-large\"><img loading=\"lazy\" decoding=\"async\" width=\"1024\" height=\"576\" src=\"https:\/\/sauvegarde-chateau-castelnaudelevis.fr\/wp-content\/uploads\/2025\/10\/EDACAC06-CFA6-4ABF-B866-0B76C9471AC4-1024x576.jpg\" alt=\"\" class=\"wp-image-862\" srcset=\"https:\/\/sauvegarde-chateau-castelnaudelevis.fr\/wp-content\/uploads\/2025\/10\/EDACAC06-CFA6-4ABF-B866-0B76C9471AC4-1024x576.jpg 1024w, https:\/\/sauvegarde-chateau-castelnaudelevis.fr\/wp-content\/uploads\/2025\/10\/EDACAC06-CFA6-4ABF-B866-0B76C9471AC4-300x169.jpg 300w, https:\/\/sauvegarde-chateau-castelnaudelevis.fr\/wp-content\/uploads\/2025\/10\/EDACAC06-CFA6-4ABF-B866-0B76C9471AC4-768x432.jpg 768w, https:\/\/sauvegarde-chateau-castelnaudelevis.fr\/wp-content\/uploads\/2025\/10\/EDACAC06-CFA6-4ABF-B866-0B76C9471AC4-1536x864.jpg 1536w, https:\/\/sauvegarde-chateau-castelnaudelevis.fr\/wp-content\/uploads\/2025\/10\/EDACAC06-CFA6-4ABF-B866-0B76C9471AC4-2048x1152.jpg 2048w\" sizes=\"auto, (max-width: 1024px) 100vw, 1024px\" \/><\/figure>\n","protected":false},"excerpt":{"rendered":"","protected":false},"author":1,"featured_media":0,"parent":0,"menu_order":0,"comment_status":"closed","ping_status":"closed","template":"","meta":{"footnotes":""},"class_list":["post-851","page","type-page","status-publish","hentry"],"_links":{"self":[{"href":"https:\/\/sauvegarde-chateau-castelnaudelevis.fr\/index.php\/wp-json\/wp\/v2\/pages\/851","targetHints":{"allow":["GET"]}}],"collection":[{"href":"https:\/\/sauvegarde-chateau-castelnaudelevis.fr\/index.php\/wp-json\/wp\/v2\/pages"}],"about":[{"href":"https:\/\/sauvegarde-chateau-castelnaudelevis.fr\/index.php\/wp-json\/wp\/v2\/types\/page"}],"author":[{"embeddable":true,"href":"https:\/\/sauvegarde-chateau-castelnaudelevis.fr\/index.php\/wp-json\/wp\/v2\/users\/1"}],"replies":[{"embeddable":true,"href":"https:\/\/sauvegarde-chateau-castelnaudelevis.fr\/index.php\/wp-json\/wp\/v2\/comments?post=851"}],"version-history":[{"count":9,"href":"https:\/\/sauvegarde-chateau-castelnaudelevis.fr\/index.php\/wp-json\/wp\/v2\/pages\/851\/revisions"}],"predecessor-version":[{"id":867,"href":"https:\/\/sauvegarde-chateau-castelnaudelevis.fr\/index.php\/wp-json\/wp\/v2\/pages\/851\/revisions\/867"}],"wp:attachment":[{"href":"https:\/\/sauvegarde-chateau-castelnaudelevis.fr\/index.php\/wp-json\/wp\/v2\/media?parent=851"}],"curies":[{"name":"wp","href":"https:\/\/api.w.org\/{rel}","templated":true}]}}