{"id":887,"date":"2025-10-08T07:58:33","date_gmt":"2025-10-08T05:58:33","guid":{"rendered":"https:\/\/sauvegarde-chateau-castelnaudelevis.fr\/?page_id=887"},"modified":"2025-10-15T13:33:28","modified_gmt":"2025-10-15T11:33:28","slug":"la-citrouillade-dhalloween","status":"publish","type":"page","link":"https:\/\/sauvegarde-chateau-castelnaudelevis.fr\/index.php\/la-citrouillade-dhalloween\/","title":{"rendered":"LA CITROUILLADE D&rsquo;HALLOWEEN"},"content":{"rendered":"\n<p class=\"has-text-align-center has-large-font-size\">La <strong>Citrouillade d&rsquo;Halloween<\/strong>, c&rsquo;est l&rsquo;occasion de passer un \u00e9pouvantable moment convivial en notre compagnie !!!!!<\/p>\n\n\n\n<div class=\"wp-block-media-text has-media-on-the-right is-stacked-on-mobile\"><div class=\"wp-block-media-text__content\">\n<p>A l&rsquo;occasion d&rsquo;<strong>Halloween<\/strong>, l&rsquo;Association de Sauvegarde du ch\u00e2teau vous donne rendez-vous le <strong>vendredi 31 octobre 2025 \u00e0 partir de 17h sur le march\u00e9 de Castelnau de L\u00e9vis<\/strong> pour une animation tout en musique et \u00e9pouvante !!!!<\/p>\n<\/div><figure class=\"wp-block-media-text__media\"><img loading=\"lazy\" decoding=\"async\" width=\"683\" height=\"1024\" src=\"https:\/\/sauvegarde-chateau-castelnaudelevis.fr\/wp-content\/uploads\/2025\/10\/Affiche-citrouillade-1-683x1024.jpg\" alt=\"\" class=\"wp-image-899 size-full\" srcset=\"https:\/\/sauvegarde-chateau-castelnaudelevis.fr\/wp-content\/uploads\/2025\/10\/Affiche-citrouillade-1-683x1024.jpg 683w, https:\/\/sauvegarde-chateau-castelnaudelevis.fr\/wp-content\/uploads\/2025\/10\/Affiche-citrouillade-1-200x300.jpg 200w, https:\/\/sauvegarde-chateau-castelnaudelevis.fr\/wp-content\/uploads\/2025\/10\/Affiche-citrouillade-1-768x1152.jpg 768w, https:\/\/sauvegarde-chateau-castelnaudelevis.fr\/wp-content\/uploads\/2025\/10\/Affiche-citrouillade-1.jpg 1024w\" sizes=\"auto, (max-width: 683px) 100vw, 683px\" \/><\/figure><\/div>\n\n\n\n<div class=\"wp-block-media-text is-stacked-on-mobile\"><figure class=\"wp-block-media-text__media\"><img loading=\"lazy\" decoding=\"async\" width=\"600\" height=\"441\" src=\"https:\/\/sauvegarde-chateau-castelnaudelevis.fr\/wp-content\/uploads\/2025\/10\/depositphotos_225444960-stock-illustration-colorful-juicy-illustration-orange-pumpkinitrouille-morceaux.webp\" alt=\"\" class=\"wp-image-881 size-full\" srcset=\"https:\/\/sauvegarde-chateau-castelnaudelevis.fr\/wp-content\/uploads\/2025\/10\/depositphotos_225444960-stock-illustration-colorful-juicy-illustration-orange-pumpkinitrouille-morceaux.webp 600w, https:\/\/sauvegarde-chateau-castelnaudelevis.fr\/wp-content\/uploads\/2025\/10\/depositphotos_225444960-stock-illustration-colorful-juicy-illustration-orange-pumpkinitrouille-morceaux-300x221.webp 300w\" sizes=\"auto, (max-width: 600px) 100vw, 600px\" \/><\/figure><div class=\"wp-block-media-text__content\">\n<p class=\"has-medium-font-size\">La<strong> Citrouillade<\/strong> c&rsquo;est un March\u00e9 d\u00e9guis\u00e9 avec une animation musicale par le plus Irlandais des Castell\u00e9vissiens : Gerry Carter , atelier maquillage, soupe \u00e0 la citrouille, friandises et vin chaud<\/p>\n\n\n\n<p><\/p>\n<\/div><\/div>\n\n\n\n<figure class=\"wp-block-video aligncenter\"><video height=\"1080\" style=\"aspect-ratio: 1920 \/ 1080;\" width=\"1920\" controls src=\"https:\/\/sauvegarde-chateau-castelnaudelevis.fr\/wp-content\/uploads\/2025\/10\/Citrouillade.mp4\"><\/video><\/figure>\n","protected":false},"excerpt":{"rendered":"<p>La Citrouillade d&rsquo;Halloween, c&rsquo;est l&rsquo;occasion de passer un \u00e9pouvantable moment convivial en notre compagnie !!!!! A l&rsquo;occasion d&rsquo;Halloween, l&rsquo;Association de Sauvegarde du ch\u00e2teau vous donne rendez-vous le vendredi 31 octobre 2025 \u00e0 partir de 17h sur le march\u00e9 de Castelnau de L\u00e9vis pour une animation tout en musique et \u00e9pouvante !!!! La Citrouillade c&rsquo;est un [&hellip;]<\/p>\n","protected":false},"author":1,"featured_media":0,"parent":0,"menu_order":0,"comment_status":"closed","ping_status":"closed","template":"","meta":{"footnotes":""},"class_list":["post-887","page","type-page","status-publish","hentry"],"_links":{"self":[{"href":"https:\/\/sauvegarde-chateau-castelnaudelevis.fr\/index.php\/wp-json\/wp\/v2\/pages\/887","targetHints":{"allow":["GET"]}}],"collection":[{"href":"https:\/\/sauvegarde-chateau-castelnaudelevis.fr\/index.php\/wp-json\/wp\/v2\/pages"}],"about":[{"href":"https:\/\/sauvegarde-chateau-castelnaudelevis.fr\/index.php\/wp-json\/wp\/v2\/types\/page"}],"author":[{"embeddable":true,"href":"https:\/\/sauvegarde-chateau-castelnaudelevis.fr\/index.php\/wp-json\/wp\/v2\/users\/1"}],"replies":[{"embeddable":true,"href":"https:\/\/sauvegarde-chateau-castelnaudelevis.fr\/index.php\/wp-json\/wp\/v2\/comments?post=887"}],"version-history":[{"count":4,"href":"https:\/\/sauvegarde-chateau-castelnaudelevis.fr\/index.php\/wp-json\/wp\/v2\/pages\/887\/revisions"}],"predecessor-version":[{"id":900,"href":"https:\/\/sauvegarde-chateau-castelnaudelevis.fr\/index.php\/wp-json\/wp\/v2\/pages\/887\/revisions\/900"}],"wp:attachment":[{"href":"https:\/\/sauvegarde-chateau-castelnaudelevis.fr\/index.php\/wp-json\/wp\/v2\/media?parent=887"}],"curies":[{"name":"wp","href":"https:\/\/api.w.org\/{rel}","templated":true}]}}